{"id":18200,"date":"2026-03-06T14:57:42","date_gmt":"2026-03-06T13:57:42","guid":{"rendered":"https:\/\/www.slogi.si\/?page_id=18200"},"modified":"2026-04-03T08:10:15","modified_gmt":"2026-04-03T06:10:15","slug":"pretekli-projekti","status":"publish","type":"page","link":"https:\/\/www.slogi.si\/en\/pretekli-projekti\/","title":{"rendered":"Pretekli projekti"},"content":{"rendered":"<div data-elementor-type=\"wp-page\" data-elementor-id=\"18200\" class=\"elementor elementor-18200\" data-elementor-post-type=\"page\">\n\t\t\t\t<div class=\"elementor-element elementor-element-04bed2d e-flex e-con-boxed e-con e-parent\" data-id=\"04bed2d\" data-element_type=\"container\" data-e-type=\"container\" data-settings=\"{&quot;background_background&quot;:&quot;classic&quot;}\">\n\t\t\t\t\t<div class=\"e-con-inner\">\n\t\t<div class=\"elementor-element elementor-element-a3d5433 e-con-full e-flex e-con e-child\" data-id=\"a3d5433\" data-element_type=\"container\" data-e-type=\"container\">\n\t\t\t\t<\/div>\n\t\t\t\t\t<\/div>\n\t\t\t\t<\/div>\n\t\t<div class=\"elementor-element elementor-element-171adeb e-flex e-con-boxed e-con e-parent\" data-id=\"171adeb\" data-element_type=\"container\" data-e-type=\"container\">\n\t\t\t\t\t<div class=\"e-con-inner\">\n\t\t<div class=\"elementor-element elementor-element-f4f7855 e-flex e-con-boxed e-con e-child\" data-id=\"f4f7855\" data-element_type=\"container\" data-e-type=\"container\">\n\t\t\t\t\t<div class=\"e-con-inner\">\n\t\t\t\t<div class=\"elementor-element elementor-element-680addb elementor-widget elementor-widget-text-editor\" data-id=\"680addb\" data-element_type=\"widget\" data-e-type=\"widget\" data-widget_type=\"text-editor.default\">\n\t\t\t\t\t\t\t\t\t<p><em><a href=\"https:\/\/www.slogi.si\/en\/dialogi-v-oblackih\/\" target=\"_blank\" rel=\"noopener\"><strong>Dialogi v obla\u010dkih<\/strong><\/a><\/em>, 2025<\/p><p><a href=\"https:\/\/www.slogi.si\/en\/about-us\/an-engaged-audience\/\" target=\"_blank\" rel=\"noopener\"><em><strong>Engaged Audience 2.0<\/strong><\/em><\/a>, 2023\u20132024<\/p><p><a href=\"https:\/\/www.slogi.si\/en\/classics-in-comics\/\" target=\"_blank\" rel=\"noopener\"><em><strong>Classics in the Graphic Novel<\/strong><\/em><\/a>, 2019\u20132023<\/p><p><a href=\"https:\/\/www.slogi.si\/en\/spectators\/\" target=\"_blank\" rel=\"noopener\"><em><strong>Gleda(l)i\u0161\u010de and the Golden Stick<\/strong><\/em><\/a>, 2016\u20132021<\/p>\t\t\t\t\t\t\t\t<\/div>\n\t\t\t\t\t<\/div>\n\t\t\t\t<\/div>\n\t\t\t\t\t<\/div>\n\t\t\t\t<\/div>\n\t\t\t\t<\/div>","protected":false},"excerpt":{"rendered":"<p>Dialogi v obla\u010dkih, 2025 Anga\u017eirano ob\u010dinstvo 2.0, 2023\u20132024 Klasiki v stripu, 2019\u20132023 Gleda(l)i\u0161\u010de in Zlata pali\u010dica, 2016\u20132021<\/p>","protected":false},"author":6,"featured_media":18204,"parent":0,"menu_order":0,"comment_status":"closed","ping_status":"closed","template":"","meta":{"_acf_changed":false,"footnotes":""},"page-tag":[],"class_list":["post-18200","page","type-page","status-publish","has-post-thumbnail","hentry"],"acf":[],"yoast_head":"<!-- This site is optimized with the Yoast SEO plugin v27.5 - https:\/\/yoast.com\/product\/yoast-seo-wordpress\/ -->\n<title>Pretekli projekti - SLOGI<\/title>\n<meta name=\"description\" content=\"Pretekli projekti Slovenskega gledali\u0161kega in\u0161tituta\" \/>\n<meta name=\"robots\" content=\"index, follow, max-snippet:-1, max-image-preview:large, max-video-preview:-1\" \/>\n<link rel=\"canonical\" href=\"https:\/\/www.slogi.si\/en\/pretekli-projekti\/\" \/>\n<meta property=\"og:locale\" content=\"en_GB\" \/>\n<meta property=\"og:type\" content=\"article\" \/>\n<meta property=\"og:title\" content=\"Pretekli projekti - SLOGI\" \/>\n<meta property=\"og:description\" content=\"Pretekli projekti Slovenskega gledali\u0161kega in\u0161tituta\" \/>\n<meta property=\"og:url\" content=\"https:\/\/www.slogi.si\/en\/pretekli-projekti\/\" \/>\n<meta property=\"og:site_name\" content=\"SLOGI\" \/>\n<meta property=\"article:modified_time\" content=\"2026-04-03T06:10:15+00:00\" \/>\n<meta property=\"og:image\" content=\"https:\/\/www.slogi.si\/wp-content\/uploads\/2026\/03\/Ciril-6-scaled.jpg\" \/>\n\t<meta property=\"og:image:width\" content=\"2560\" \/>\n\t<meta property=\"og:image:height\" content=\"1707\" \/>\n\t<meta property=\"og:image:type\" content=\"image\/jpeg\" \/>\n<meta name=\"twitter:card\" content=\"summary_large_image\" \/>\n<meta name=\"twitter:label1\" content=\"Estimated reading time\" \/>\n\t<meta name=\"twitter:data1\" content=\"3 minutes\" \/>\n<script type=\"application\/ld+json\" class=\"yoast-schema-graph\">{\"@context\":\"https:\\\/\\\/schema.org\",\"@graph\":[{\"@type\":\"WebPage\",\"@id\":\"https:\\\/\\\/www.slogi.si\\\/pretekli-projekti\\\/\",\"url\":\"https:\\\/\\\/www.slogi.si\\\/pretekli-projekti\\\/\",\"name\":\"Pretekli projekti - SLOGI\",\"isPartOf\":{\"@id\":\"https:\\\/\\\/www.slogi.si\\\/#website\"},\"primaryImageOfPage\":{\"@id\":\"https:\\\/\\\/www.slogi.si\\\/pretekli-projekti\\\/#primaryimage\"},\"image\":{\"@id\":\"https:\\\/\\\/www.slogi.si\\\/pretekli-projekti\\\/#primaryimage\"},\"thumbnailUrl\":\"https:\\\/\\\/www.slogi.si\\\/wp-content\\\/uploads\\\/2026\\\/03\\\/Ciril-6-scaled.jpg\",\"datePublished\":\"2026-03-06T13:57:42+00:00\",\"dateModified\":\"2026-04-03T06:10:15+00:00\",\"description\":\"Pretekli projekti Slovenskega gledali\u0161kega in\u0161tituta\",\"breadcrumb\":{\"@id\":\"https:\\\/\\\/www.slogi.si\\\/pretekli-projekti\\\/#breadcrumb\"},\"inLanguage\":\"en-GB\",\"potentialAction\":[{\"@type\":\"ReadAction\",\"target\":[\"https:\\\/\\\/www.slogi.si\\\/pretekli-projekti\\\/\"]}]},{\"@type\":\"ImageObject\",\"inLanguage\":\"en-GB\",\"@id\":\"https:\\\/\\\/www.slogi.si\\\/pretekli-projekti\\\/#primaryimage\",\"url\":\"https:\\\/\\\/www.slogi.si\\\/wp-content\\\/uploads\\\/2026\\\/03\\\/Ciril-6-scaled.jpg\",\"contentUrl\":\"https:\\\/\\\/www.slogi.si\\\/wp-content\\\/uploads\\\/2026\\\/03\\\/Ciril-6-scaled.jpg\",\"width\":2560,\"height\":1707},{\"@type\":\"BreadcrumbList\",\"@id\":\"https:\\\/\\\/www.slogi.si\\\/pretekli-projekti\\\/#breadcrumb\",\"itemListElement\":[{\"@type\":\"ListItem\",\"position\":1,\"name\":\"Home\",\"item\":\"https:\\\/\\\/www.slogi.si\\\/\"},{\"@type\":\"ListItem\",\"position\":2,\"name\":\"Pretekli projekti\"}]},{\"@type\":\"WebSite\",\"@id\":\"https:\\\/\\\/www.slogi.si\\\/#website\",\"url\":\"https:\\\/\\\/www.slogi.si\\\/\",\"name\":\"SLOGI\",\"description\":\"Slovenski Gledali\u0161ki In\u0161titut\",\"publisher\":{\"@id\":\"https:\\\/\\\/www.slogi.si\\\/#organization\"},\"alternateName\":\"Slovenski Gledali\u0161ki In\u0161titut\",\"potentialAction\":[{\"@type\":\"SearchAction\",\"target\":{\"@type\":\"EntryPoint\",\"urlTemplate\":\"https:\\\/\\\/www.slogi.si\\\/?s={search_term_string}\"},\"query-input\":{\"@type\":\"PropertyValueSpecification\",\"valueRequired\":true,\"valueName\":\"search_term_string\"}}],\"inLanguage\":\"en-GB\"},{\"@type\":\"Organization\",\"@id\":\"https:\\\/\\\/www.slogi.si\\\/#organization\",\"name\":\"SLOGI\",\"alternateName\":\"Slovenski Gledali\u0161ki In\u0161titut\",\"url\":\"https:\\\/\\\/www.slogi.si\\\/\",\"logo\":{\"@type\":\"ImageObject\",\"inLanguage\":\"en-GB\",\"@id\":\"https:\\\/\\\/www.slogi.si\\\/#\\\/schema\\\/logo\\\/image\\\/\",\"url\":\"https:\\\/\\\/www.slogi.si\\\/wp-content\\\/uploads\\\/2024\\\/01\\\/favicon.svg\",\"contentUrl\":\"https:\\\/\\\/www.slogi.si\\\/wp-content\\\/uploads\\\/2024\\\/01\\\/favicon.svg\",\"width\":100,\"height\":100,\"caption\":\"SLOGI\"},\"image\":{\"@id\":\"https:\\\/\\\/www.slogi.si\\\/#\\\/schema\\\/logo\\\/image\\\/\"}}]}<\/script>\n<!-- \/ Yoast SEO plugin. -->","yoast_head_json":{"title":"Pretekli projekti - SLOGI","description":"Pretekli projekti Slovenskega gledali\u0161kega in\u0161tituta","robots":{"index":"index","follow":"follow","max-snippet":"max-snippet:-1","max-image-preview":"max-image-preview:large","max-video-preview":"max-video-preview:-1"},"canonical":"https:\/\/www.slogi.si\/en\/pretekli-projekti\/","og_locale":"en_GB","og_type":"article","og_title":"Pretekli projekti - SLOGI","og_description":"Pretekli projekti Slovenskega gledali\u0161kega in\u0161tituta","og_url":"https:\/\/www.slogi.si\/en\/pretekli-projekti\/","og_site_name":"SLOGI","article_modified_time":"2026-04-03T06:10:15+00:00","og_image":[{"width":2560,"height":1707,"url":"https:\/\/www.slogi.si\/wp-content\/uploads\/2026\/03\/Ciril-6-scaled.jpg","type":"image\/jpeg"}],"twitter_card":"summary_large_image","twitter_misc":{"Estimated reading time":"3 minutes"},"schema":{"@context":"https:\/\/schema.org","@graph":[{"@type":"WebPage","@id":"https:\/\/www.slogi.si\/pretekli-projekti\/","url":"https:\/\/www.slogi.si\/pretekli-projekti\/","name":"Pretekli projekti - SLOGI","isPartOf":{"@id":"https:\/\/www.slogi.si\/#website"},"primaryImageOfPage":{"@id":"https:\/\/www.slogi.si\/pretekli-projekti\/#primaryimage"},"image":{"@id":"https:\/\/www.slogi.si\/pretekli-projekti\/#primaryimage"},"thumbnailUrl":"https:\/\/www.slogi.si\/wp-content\/uploads\/2026\/03\/Ciril-6-scaled.jpg","datePublished":"2026-03-06T13:57:42+00:00","dateModified":"2026-04-03T06:10:15+00:00","description":"Pretekli projekti Slovenskega gledali\u0161kega in\u0161tituta","breadcrumb":{"@id":"https:\/\/www.slogi.si\/pretekli-projekti\/#breadcrumb"},"inLanguage":"en-GB","potentialAction":[{"@type":"ReadAction","target":["https:\/\/www.slogi.si\/pretekli-projekti\/"]}]},{"@type":"ImageObject","inLanguage":"en-GB","@id":"https:\/\/www.slogi.si\/pretekli-projekti\/#primaryimage","url":"https:\/\/www.slogi.si\/wp-content\/uploads\/2026\/03\/Ciril-6-scaled.jpg","contentUrl":"https:\/\/www.slogi.si\/wp-content\/uploads\/2026\/03\/Ciril-6-scaled.jpg","width":2560,"height":1707},{"@type":"BreadcrumbList","@id":"https:\/\/www.slogi.si\/pretekli-projekti\/#breadcrumb","itemListElement":[{"@type":"ListItem","position":1,"name":"Home","item":"https:\/\/www.slogi.si\/"},{"@type":"ListItem","position":2,"name":"Pretekli projekti"}]},{"@type":"WebSite","@id":"https:\/\/www.slogi.si\/#website","url":"https:\/\/www.slogi.si\/","name":"SLOGI","description":"Slovenian Theatre Institute","publisher":{"@id":"https:\/\/www.slogi.si\/#organization"},"alternateName":"Slovenski Gledali\u0161ki In\u0161titut","potentialAction":[{"@type":"SearchAction","target":{"@type":"EntryPoint","urlTemplate":"https:\/\/www.slogi.si\/?s={search_term_string}"},"query-input":{"@type":"PropertyValueSpecification","valueRequired":true,"valueName":"search_term_string"}}],"inLanguage":"en-GB"},{"@type":"Organization","@id":"https:\/\/www.slogi.si\/#organization","name":"SLOGI","alternateName":"Slovenski Gledali\u0161ki In\u0161titut","url":"https:\/\/www.slogi.si\/","logo":{"@type":"ImageObject","inLanguage":"en-GB","@id":"https:\/\/www.slogi.si\/#\/schema\/logo\/image\/","url":"https:\/\/www.slogi.si\/wp-content\/uploads\/2024\/01\/favicon.svg","contentUrl":"https:\/\/www.slogi.si\/wp-content\/uploads\/2024\/01\/favicon.svg","width":100,"height":100,"caption":"SLOGI"},"image":{"@id":"https:\/\/www.slogi.si\/#\/schema\/logo\/image\/"}}]}},"_links":{"self":[{"href":"https:\/\/www.slogi.si\/en\/wp-json\/wp\/v2\/pages\/18200","targetHints":{"allow":["GET"]}}],"collection":[{"href":"https:\/\/www.slogi.si\/en\/wp-json\/wp\/v2\/pages"}],"about":[{"href":"https:\/\/www.slogi.si\/en\/wp-json\/wp\/v2\/types\/page"}],"author":[{"embeddable":true,"href":"https:\/\/www.slogi.si\/en\/wp-json\/wp\/v2\/users\/6"}],"replies":[{"embeddable":true,"href":"https:\/\/www.slogi.si\/en\/wp-json\/wp\/v2\/comments?post=18200"}],"version-history":[{"count":10,"href":"https:\/\/www.slogi.si\/en\/wp-json\/wp\/v2\/pages\/18200\/revisions"}],"predecessor-version":[{"id":18536,"href":"https:\/\/www.slogi.si\/en\/wp-json\/wp\/v2\/pages\/18200\/revisions\/18536"}],"wp:featuredmedia":[{"embeddable":true,"href":"https:\/\/www.slogi.si\/en\/wp-json\/wp\/v2\/media\/18204"}],"wp:attachment":[{"href":"https:\/\/www.slogi.si\/en\/wp-json\/wp\/v2\/media?parent=18200"}],"wp:term":[{"taxonomy":"page-tag","embeddable":true,"href":"https:\/\/www.slogi.si\/en\/wp-json\/wp\/v2\/page-tag?post=18200"}],"curies":[{"name":"wp","href":"https:\/\/api.w.org\/{rel}","templated":true}]}}