{"id":16909,"date":"2025-08-08T13:49:14","date_gmt":"2025-08-08T11:49:14","guid":{"rendered":"https:\/\/www.slogi.si\/?page_id=16909"},"modified":"2025-11-18T08:02:48","modified_gmt":"2025-11-18T07:02:48","slug":"project_accessibility-of-cultural-heritage-of-the-performing-arts","status":"publish","type":"page","link":"https:\/\/www.slogi.si\/en\/projekt_dostopnost-kulturne-dediscine-uprizoritvenih-umetnosti\/","title":{"rendered":"eScenske"},"content":{"rendered":"<div data-elementor-type=\"wp-page\" data-elementor-id=\"16909\" class=\"elementor elementor-16909\" data-elementor-post-type=\"page\">\n\t\t\t\t<div class=\"elementor-element elementor-element-04bed2d e-flex e-con-boxed e-con e-parent\" data-id=\"04bed2d\" data-element_type=\"container\" data-e-type=\"container\" data-settings=\"{&quot;background_background&quot;:&quot;classic&quot;}\">\n\t\t\t\t\t<div class=\"e-con-inner\">\n\t\t<div class=\"elementor-element elementor-element-a3d5433 e-con-full e-flex e-con e-child\" data-id=\"a3d5433\" data-element_type=\"container\" data-e-type=\"container\">\n\t\t\t\t<\/div>\n\t\t\t\t\t<\/div>\n\t\t\t\t<\/div>\n\t\t<div class=\"elementor-element elementor-element-171adeb e-flex e-con-boxed e-con e-parent\" data-id=\"171adeb\" data-element_type=\"container\" data-e-type=\"container\">\n\t\t\t\t\t<div class=\"e-con-inner\">\n\t\t<div class=\"elementor-element elementor-element-f4f7855 e-flex e-con-boxed e-con e-child\" data-id=\"f4f7855\" data-element_type=\"container\" data-e-type=\"container\">\n\t\t\t\t\t<div class=\"e-con-inner\">\n\t\t\t\t<div class=\"elementor-element elementor-element-680addb elementor-widget elementor-widget-text-editor\" data-id=\"680addb\" data-element_type=\"widget\" data-e-type=\"widget\" data-widget_type=\"text-editor.default\">\n\t\t\t\t\t\t\t\t\t<p class=\"translation-block\">The Slovenian Theatre Institute conducts the project <strong><em>Accessibility of the Cultural Heritage of the Performing Arts<\/em><\/strong> as a beneficiary within the <em>Call of the Ministry of Culture of the Republic of Slovenia for submission of applications for the project task PN3 eScenske within the framework of the project \"Establishment, launch and optimization of the unified information platform e-Kultura\"<\/em>. The project runs from July 28, 2025 to June 30, 2026.<\/p><p>Cultural heritage is one of the fundamental values of every society, as it preserves historical memory, stimulates creativity, and strengthens collective identity. Among the various forms of cultural heritage, the performing arts are of particular importance due to their transience, direct contact with the audience, and ability to reflect social change. Although the performing arts live in the moment, their records, documentation, visual and written sources enable their long-term preservation and subsequent research. In this context, one of the central Slovenian institutions in this field is the Slovenian Theatre Institute, which is the only national institution that preserves, studies, interprets, presents and promotes the cultural heritage of Slovenian performing arts.<\/p><p class=\"translation-block\">The <strong><em>Accessibility of Cultural Heritage of the Performing Arts<\/em><\/strong> project focuses on increasing the accessibility of two collections of the Slovenian Theatre Institute: the collection of theatre photographs (part of the Iconotheque collection) and the collection of newspaper articles (Hemerotheque). The photographs present a visual archive of theatre productions, capturing unique moments on stage, the visual image of performances, and the creative practices of directors, actors, set designers, and other theatre professionals. The collection of newspaper articles is a valuable source for studying theatre receptions, critical responses, changes in aesthetic criteria, and media discourse on the performing arts through time. Both collections are extremely important for understanding not only the artistic but also the social and political role of theatre in Slovenia.<\/p><p>The project is designed to be multidisciplinary and includes the development of an online database and user interface that will enable intuitive searching, browsing, and use of content. The online database will play an important role in establishing synergies with the national e-Kultura portal, which is being developed by the Ministry of Culture of the Republic of Slovenia.<\/p>\t\t\t\t\t\t\t\t<\/div>\n\t\t\t\t<div class=\"elementor-element elementor-element-8102731 elementor-widget__width-initial elementor-widget elementor-widget-heading\" data-id=\"8102731\" data-element_type=\"widget\" data-e-type=\"widget\" data-widget_type=\"heading.default\">\n\t\t\t\t\t<h2 class=\"elementor-heading-title elementor-size-default\">Project objectives:<\/h2>\t\t\t\t<\/div>\n\t\t\t\t<div class=\"elementor-element elementor-element-0a7c855 elementor-widget elementor-widget-text-editor\" data-id=\"0a7c855\" data-element_type=\"widget\" data-e-type=\"widget\" data-widget_type=\"text-editor.default\">\n\t\t\t\t\t\t\t\t\t<ul><li class=\"translation-block\">to expand the <a href=\"https:\/\/repertoar.sigledal.org\/\" target=\"_blank\" rel=\"noopener\" role=\"link\">Repertoar<\/a> portal with a database of photographs and a database of newspaper articles,<\/li><li>to enable a sustainable digital environment and greater accessibility, automated, controlled access to copyrighted materials and a wider range of users of cultural heritage materials in the performing arts for non-commercial, research, or educational use, thereby strengthening the research and cultural potential of Slovenian theatre,<\/li><li>connectivity with existing and emerging information systems in the field of culture,<\/li><li>to explore the possibilities and implementation of modern artificial intelligence tools in the use and analysis of materials.<\/li><\/ul>\t\t\t\t\t\t\t\t<\/div>\n\t\t\t\t<div class=\"elementor-element elementor-element-2a952e0 elementor-widget__width-initial elementor-widget elementor-widget-heading\" data-id=\"2a952e0\" data-element_type=\"widget\" data-e-type=\"widget\" data-widget_type=\"heading.default\">\n\t\t\t\t\t<h2 class=\"elementor-heading-title elementor-size-default\">Project milestones:<\/h2>\t\t\t\t<\/div>\n\t\t\t\t<div class=\"elementor-element elementor-element-bd3504e elementor-widget elementor-widget-text-editor\" data-id=\"bd3504e\" data-element_type=\"widget\" data-e-type=\"widget\" data-widget_type=\"text-editor.default\">\n\t\t\t\t\t\t\t\t\t<ul><li>establishment of a test web environment with a basic search engine (March 2026)<\/li><li>establishment of a basic dynamic e-service for obtaining temporary access to the database (March 2026)<\/li><li>entry of most digitized materials into the online database (April 2026),<\/li><li>completion of user experience testing and AI function testing (May 2026),<\/li><li>opening of the online database (June 2026).<\/li><\/ul>\t\t\t\t\t\t\t\t<\/div>\n\t\t\t\t<div class=\"elementor-element elementor-element-630cbf0 elementor-widget elementor-widget-text-editor\" data-id=\"630cbf0\" data-element_type=\"widget\" data-e-type=\"widget\" data-widget_type=\"text-editor.default\">\n\t\t\t\t\t\t\t\t\t<p>The project is financed by the Ministry of Culture of the Republic of Slovenia and the European Union \u2013 NextGenerationEU from the Recovery and Resilience Plan. The total value of the project is 370.616 EUR.<\/p>\t\t\t\t\t\t\t\t<\/div>\n\t\t\t\t<div class=\"elementor-element elementor-element-d32d0f9 elementor-widget elementor-widget-image\" data-id=\"d32d0f9\" data-element_type=\"widget\" data-e-type=\"widget\" data-widget_type=\"image.default\">\n\t\t\t\t\t\t\t\t\t\t\t\t\t\t\t<img fetchpriority=\"high\" decoding=\"async\" width=\"800\" height=\"76\" src=\"https:\/\/www.slogi.si\/wp-content\/uploads\/2025\/09\/MK_NOO_EU_en-scaled.png\" class=\"attachment-large size-large wp-image-16774\" alt=\"\" srcset=\"https:\/\/www.slogi.si\/wp-content\/uploads\/2025\/09\/MK_NOO_EU_en-scaled.png 2560w, https:\/\/www.slogi.si\/wp-content\/uploads\/2025\/09\/MK_NOO_EU_en-300x17.png 300w, https:\/\/www.slogi.si\/wp-content\/uploads\/2025\/09\/MK_NOO_EU_en-1024x60.png 1024w, https:\/\/www.slogi.si\/wp-content\/uploads\/2025\/09\/MK_NOO_EU_en-768x45.png 768w, https:\/\/www.slogi.si\/wp-content\/uploads\/2025\/09\/MK_NOO_EU_en-1536x89.png 1536w, https:\/\/www.slogi.si\/wp-content\/uploads\/2025\/09\/MK_NOO_EU_en-2048x119.png 2048w, https:\/\/www.slogi.si\/wp-content\/uploads\/2025\/09\/MK_NOO_EU_en-18x1.png 18w\" sizes=\"(max-width: 800px) 100vw, 800px\" \/>\t\t\t\t\t\t\t\t\t\t\t\t\t\t\t<\/div>\n\t\t\t\t<div class=\"elementor-element elementor-element-5e007f2 elementor-widget elementor-widget-text-editor\" data-id=\"5e007f2\" data-element_type=\"widget\" data-e-type=\"widget\" data-widget_type=\"text-editor.default\">\n\t\t\t\t\t\t\t\t\t<p style=\"text-align: right;\"><a href=\"http:\/\/noo.gov.si\" target=\"_blank\" rel=\"noopener\">noo.gov.si<\/a>, <a href=\"http:\/\/evropskasredstva.si\" target=\"_blank\" rel=\"noopener\">evropskasredstva.si<\/a><\/p>\t\t\t\t\t\t\t\t<\/div>\n\t\t\t\t\t<\/div>\n\t\t\t\t<\/div>\n\t\t\t\t\t<\/div>\n\t\t\t\t<\/div>\n\t\t<div class=\"elementor-element elementor-element-41501c6 e-flex e-con-boxed e-con e-parent\" data-id=\"41501c6\" data-element_type=\"container\" data-e-type=\"container\">\n\t\t\t\t\t<div class=\"e-con-inner\">\n\t\t<div class=\"elementor-element elementor-element-e1626e8 e-con-full e-flex e-con e-child\" data-id=\"e1626e8\" data-element_type=\"container\" data-e-type=\"container\">\n\t\t\t\t<div class=\"elementor-element elementor-element-ec85e2e elementor-widget elementor-widget-text-editor\" data-id=\"ec85e2e\" data-element_type=\"widget\" data-e-type=\"widget\" data-widget_type=\"text-editor.default\">\n\t\t\t\t\t\t\t\t\t<p>\u00a0<\/p><p class=\"translation-block\">\u2014<br>Cover photo: Scene from Cankar's <em>Hlapci<\/em> (<em>The Serfs<\/em>), directed by Osip \u0160est, Royal Slovenian Theatre Ljubljana, premiere on December 11, 1919. Source: Iconotheque  SLOGI \u2013 Theatre Museum.<\/p>\t\t\t\t\t\t\t\t<\/div>\n\t\t\t\t<\/div>\n\t\t\t\t\t<\/div>\n\t\t\t\t<\/div>\n\t\t\t\t<\/div>","protected":false},"excerpt":{"rendered":"<p>Slovenski gledali\u0161ki in\u0161titut je s projektno nalogo Dostopnost kulturne dedi\u0161\u010dine uprizoritvenih umetnosti v obdobju od 28. julija 2025 do 30. junija 2026 izvajalec in upravi\u010denec v okviru Poziva Ministrstva za kulturo Republike Slovenije za oddajo vloge za projektno nalogo PN3 eScenske v okviru projekta \u201cVzpostavitev, zagon in optimizacija upravljanja z enotno informacijsko platformo e-Kultura\u201d. Kulturna &#8230;<\/p>","protected":false},"author":6,"featured_media":9347,"parent":0,"menu_order":0,"comment_status":"closed","ping_status":"closed","template":"","meta":{"_acf_changed":false,"footnotes":""},"page-tag":[],"class_list":["post-16909","page","type-page","status-publish","has-post-thumbnail","hentry"],"acf":[],"yoast_head":"<!-- This site is optimized with the Yoast SEO plugin v27.5 - https:\/\/yoast.com\/product\/yoast-seo-wordpress\/ -->\n<title>eScenske - SLOGI<\/title>\n<meta name=\"description\" content=\"Eurodram je evropska mre\u017ea za prevajanje dramskih del, ki zdru\u017euje okoli 300 \u010dlanov, organiziranih v pribli\u017eno 30 odborih. Maja 2025 je bil na pobudo upravnega odbora Eurodrama ustanovljen slovenski odbor v naslednji sestavi: Tina Mahkota (koordinatorka), Alja Predan, Darko Jan Spasov, Julija Potr\u010d \u0160avli in dr. Ga\u0161per Troha.\" \/>\n<meta name=\"robots\" content=\"index, follow, max-snippet:-1, max-image-preview:large, max-video-preview:-1\" \/>\n<link rel=\"canonical\" href=\"https:\/\/www.slogi.si\/en\/project_accessibility-of-cultural-heritage-of-the-performing-arts\/\" \/>\n<meta property=\"og:locale\" content=\"en_GB\" \/>\n<meta property=\"og:type\" content=\"article\" \/>\n<meta property=\"og:title\" content=\"eScenske - SLOGI\" \/>\n<meta property=\"og:description\" content=\"Eurodram je evropska mre\u017ea za prevajanje dramskih del, ki zdru\u017euje okoli 300 \u010dlanov, organiziranih v pribli\u017eno 30 odborih. Maja 2025 je bil na pobudo upravnega odbora Eurodrama ustanovljen slovenski odbor v naslednji sestavi: Tina Mahkota (koordinatorka), Alja Predan, Darko Jan Spasov, Julija Potr\u010d \u0160avli in dr. Ga\u0161per Troha.\" \/>\n<meta property=\"og:url\" content=\"https:\/\/www.slogi.si\/en\/project_accessibility-of-cultural-heritage-of-the-performing-arts\/\" \/>\n<meta property=\"og:site_name\" content=\"SLOGI\" \/>\n<meta property=\"article:modified_time\" content=\"2025-11-18T07:02:48+00:00\" \/>\n<meta property=\"og:image\" content=\"https:\/\/www.slogi.si\/wp-content\/uploads\/2024\/01\/1-964-Cankar_Hlapci-1919-20_foto-Bester_SLOGI-2-o.jpg\" \/>\n\t<meta property=\"og:image:width\" content=\"1025\" \/>\n\t<meta property=\"og:image:height\" content=\"465\" \/>\n\t<meta property=\"og:image:type\" content=\"image\/jpeg\" \/>\n<meta name=\"twitter:card\" content=\"summary_large_image\" \/>\n<meta name=\"twitter:label1\" content=\"Estimated reading time\" \/>\n\t<meta name=\"twitter:data1\" content=\"3 minutes\" \/>\n<script type=\"application\/ld+json\" class=\"yoast-schema-graph\">{\"@context\":\"https:\\\/\\\/schema.org\",\"@graph\":[{\"@type\":\"WebPage\",\"@id\":\"https:\\\/\\\/www.slogi.si\\\/projekt_dostopnost-kulturne-dediscine-uprizoritvenih-umetnosti\\\/\",\"url\":\"https:\\\/\\\/www.slogi.si\\\/projekt_dostopnost-kulturne-dediscine-uprizoritvenih-umetnosti\\\/\",\"name\":\"eScenske - SLOGI\",\"isPartOf\":{\"@id\":\"https:\\\/\\\/www.slogi.si\\\/#website\"},\"primaryImageOfPage\":{\"@id\":\"https:\\\/\\\/www.slogi.si\\\/projekt_dostopnost-kulturne-dediscine-uprizoritvenih-umetnosti\\\/#primaryimage\"},\"image\":{\"@id\":\"https:\\\/\\\/www.slogi.si\\\/projekt_dostopnost-kulturne-dediscine-uprizoritvenih-umetnosti\\\/#primaryimage\"},\"thumbnailUrl\":\"https:\\\/\\\/www.slogi.si\\\/wp-content\\\/uploads\\\/2024\\\/01\\\/1-964-Cankar_Hlapci-1919-20_foto-Bester_SLOGI-2-o.jpg\",\"datePublished\":\"2025-08-08T11:49:14+00:00\",\"dateModified\":\"2025-11-18T07:02:48+00:00\",\"description\":\"Eurodram je evropska mre\u017ea za prevajanje dramskih del, ki zdru\u017euje okoli 300 \u010dlanov, organiziranih v pribli\u017eno 30 odborih. Maja 2025 je bil na pobudo upravnega odbora Eurodrama ustanovljen slovenski odbor v naslednji sestavi: Tina Mahkota (koordinatorka), Alja Predan, Darko Jan Spasov, Julija Potr\u010d \u0160avli in dr. Ga\u0161per Troha.\",\"breadcrumb\":{\"@id\":\"https:\\\/\\\/www.slogi.si\\\/projekt_dostopnost-kulturne-dediscine-uprizoritvenih-umetnosti\\\/#breadcrumb\"},\"inLanguage\":\"en-GB\",\"potentialAction\":[{\"@type\":\"ReadAction\",\"target\":[\"https:\\\/\\\/www.slogi.si\\\/projekt_dostopnost-kulturne-dediscine-uprizoritvenih-umetnosti\\\/\"]}]},{\"@type\":\"ImageObject\",\"inLanguage\":\"en-GB\",\"@id\":\"https:\\\/\\\/www.slogi.si\\\/projekt_dostopnost-kulturne-dediscine-uprizoritvenih-umetnosti\\\/#primaryimage\",\"url\":\"https:\\\/\\\/www.slogi.si\\\/wp-content\\\/uploads\\\/2024\\\/01\\\/1-964-Cankar_Hlapci-1919-20_foto-Bester_SLOGI-2-o.jpg\",\"contentUrl\":\"https:\\\/\\\/www.slogi.si\\\/wp-content\\\/uploads\\\/2024\\\/01\\\/1-964-Cankar_Hlapci-1919-20_foto-Bester_SLOGI-2-o.jpg\",\"width\":1025,\"height\":465,\"caption\":\"Prizor iz prve ljubljanske uprizoritve Cankarjevih Hlapcev, Kraljevsko slovensko gledali\u0161\u010de Ljubljana, premiera: 11. 12. 1919, re\u017eiser: Osip \u0160est. Vir: Ikonoteka SLOGI \u2013 Gledali\u0161ki muzej.\"},{\"@type\":\"BreadcrumbList\",\"@id\":\"https:\\\/\\\/www.slogi.si\\\/projekt_dostopnost-kulturne-dediscine-uprizoritvenih-umetnosti\\\/#breadcrumb\",\"itemListElement\":[{\"@type\":\"ListItem\",\"position\":1,\"name\":\"Home\",\"item\":\"https:\\\/\\\/www.slogi.si\\\/\"},{\"@type\":\"ListItem\",\"position\":2,\"name\":\"eScenske\"}]},{\"@type\":\"WebSite\",\"@id\":\"https:\\\/\\\/www.slogi.si\\\/#website\",\"url\":\"https:\\\/\\\/www.slogi.si\\\/\",\"name\":\"SLOGI\",\"description\":\"Slovenski Gledali\u0161ki In\u0161titut\",\"publisher\":{\"@id\":\"https:\\\/\\\/www.slogi.si\\\/#organization\"},\"alternateName\":\"Slovenski Gledali\u0161ki In\u0161titut\",\"potentialAction\":[{\"@type\":\"SearchAction\",\"target\":{\"@type\":\"EntryPoint\",\"urlTemplate\":\"https:\\\/\\\/www.slogi.si\\\/?s={search_term_string}\"},\"query-input\":{\"@type\":\"PropertyValueSpecification\",\"valueRequired\":true,\"valueName\":\"search_term_string\"}}],\"inLanguage\":\"en-GB\"},{\"@type\":\"Organization\",\"@id\":\"https:\\\/\\\/www.slogi.si\\\/#organization\",\"name\":\"SLOGI\",\"alternateName\":\"Slovenski Gledali\u0161ki In\u0161titut\",\"url\":\"https:\\\/\\\/www.slogi.si\\\/\",\"logo\":{\"@type\":\"ImageObject\",\"inLanguage\":\"en-GB\",\"@id\":\"https:\\\/\\\/www.slogi.si\\\/#\\\/schema\\\/logo\\\/image\\\/\",\"url\":\"https:\\\/\\\/www.slogi.si\\\/wp-content\\\/uploads\\\/2024\\\/01\\\/favicon.svg\",\"contentUrl\":\"https:\\\/\\\/www.slogi.si\\\/wp-content\\\/uploads\\\/2024\\\/01\\\/favicon.svg\",\"width\":100,\"height\":100,\"caption\":\"SLOGI\"},\"image\":{\"@id\":\"https:\\\/\\\/www.slogi.si\\\/#\\\/schema\\\/logo\\\/image\\\/\"}}]}<\/script>\n<!-- \/ Yoast SEO plugin. -->","yoast_head_json":{"title":"eScenske - SLOGI","description":"Eurodram je evropska mre\u017ea za prevajanje dramskih del, ki zdru\u017euje okoli 300 \u010dlanov, organiziranih v pribli\u017eno 30 odborih. Maja 2025 je bil na pobudo upravnega odbora Eurodrama ustanovljen slovenski odbor v naslednji sestavi: Tina Mahkota (koordinatorka), Alja Predan, Darko Jan Spasov, Julija Potr\u010d \u0160avli in dr. Ga\u0161per Troha.","robots":{"index":"index","follow":"follow","max-snippet":"max-snippet:-1","max-image-preview":"max-image-preview:large","max-video-preview":"max-video-preview:-1"},"canonical":"https:\/\/www.slogi.si\/en\/project_accessibility-of-cultural-heritage-of-the-performing-arts\/","og_locale":"en_GB","og_type":"article","og_title":"eScenske - SLOGI","og_description":"Eurodram je evropska mre\u017ea za prevajanje dramskih del, ki zdru\u017euje okoli 300 \u010dlanov, organiziranih v pribli\u017eno 30 odborih. Maja 2025 je bil na pobudo upravnega odbora Eurodrama ustanovljen slovenski odbor v naslednji sestavi: Tina Mahkota (koordinatorka), Alja Predan, Darko Jan Spasov, Julija Potr\u010d \u0160avli in dr. Ga\u0161per Troha.","og_url":"https:\/\/www.slogi.si\/en\/project_accessibility-of-cultural-heritage-of-the-performing-arts\/","og_site_name":"SLOGI","article_modified_time":"2025-11-18T07:02:48+00:00","og_image":[{"width":1025,"height":465,"url":"https:\/\/www.slogi.si\/wp-content\/uploads\/2024\/01\/1-964-Cankar_Hlapci-1919-20_foto-Bester_SLOGI-2-o.jpg","type":"image\/jpeg"}],"twitter_card":"summary_large_image","twitter_misc":{"Estimated reading time":"3 minutes"},"schema":{"@context":"https:\/\/schema.org","@graph":[{"@type":"WebPage","@id":"https:\/\/www.slogi.si\/projekt_dostopnost-kulturne-dediscine-uprizoritvenih-umetnosti\/","url":"https:\/\/www.slogi.si\/projekt_dostopnost-kulturne-dediscine-uprizoritvenih-umetnosti\/","name":"eScenske - SLOGI","isPartOf":{"@id":"https:\/\/www.slogi.si\/#website"},"primaryImageOfPage":{"@id":"https:\/\/www.slogi.si\/projekt_dostopnost-kulturne-dediscine-uprizoritvenih-umetnosti\/#primaryimage"},"image":{"@id":"https:\/\/www.slogi.si\/projekt_dostopnost-kulturne-dediscine-uprizoritvenih-umetnosti\/#primaryimage"},"thumbnailUrl":"https:\/\/www.slogi.si\/wp-content\/uploads\/2024\/01\/1-964-Cankar_Hlapci-1919-20_foto-Bester_SLOGI-2-o.jpg","datePublished":"2025-08-08T11:49:14+00:00","dateModified":"2025-11-18T07:02:48+00:00","description":"Eurodram je evropska mre\u017ea za prevajanje dramskih del, ki zdru\u017euje okoli 300 \u010dlanov, organiziranih v pribli\u017eno 30 odborih. Maja 2025 je bil na pobudo upravnega odbora Eurodrama ustanovljen slovenski odbor v naslednji sestavi: Tina Mahkota (koordinatorka), Alja Predan, Darko Jan Spasov, Julija Potr\u010d \u0160avli in dr. Ga\u0161per Troha.","breadcrumb":{"@id":"https:\/\/www.slogi.si\/projekt_dostopnost-kulturne-dediscine-uprizoritvenih-umetnosti\/#breadcrumb"},"inLanguage":"en-GB","potentialAction":[{"@type":"ReadAction","target":["https:\/\/www.slogi.si\/projekt_dostopnost-kulturne-dediscine-uprizoritvenih-umetnosti\/"]}]},{"@type":"ImageObject","inLanguage":"en-GB","@id":"https:\/\/www.slogi.si\/projekt_dostopnost-kulturne-dediscine-uprizoritvenih-umetnosti\/#primaryimage","url":"https:\/\/www.slogi.si\/wp-content\/uploads\/2024\/01\/1-964-Cankar_Hlapci-1919-20_foto-Bester_SLOGI-2-o.jpg","contentUrl":"https:\/\/www.slogi.si\/wp-content\/uploads\/2024\/01\/1-964-Cankar_Hlapci-1919-20_foto-Bester_SLOGI-2-o.jpg","width":1025,"height":465,"caption":"Prizor iz prve ljubljanske uprizoritve Cankarjevih Hlapcev, Kraljevsko slovensko gledali\u0161\u010de Ljubljana, premiera: 11. 12. 1919, re\u017eiser: Osip \u0160est. Vir: Ikonoteka SLOGI \u2013 Gledali\u0161ki muzej."},{"@type":"BreadcrumbList","@id":"https:\/\/www.slogi.si\/projekt_dostopnost-kulturne-dediscine-uprizoritvenih-umetnosti\/#breadcrumb","itemListElement":[{"@type":"ListItem","position":1,"name":"Home","item":"https:\/\/www.slogi.si\/"},{"@type":"ListItem","position":2,"name":"eScenske"}]},{"@type":"WebSite","@id":"https:\/\/www.slogi.si\/#website","url":"https:\/\/www.slogi.si\/","name":"SLOGI","description":"Slovenian Theatre Institute","publisher":{"@id":"https:\/\/www.slogi.si\/#organization"},"alternateName":"Slovenski Gledali\u0161ki In\u0161titut","potentialAction":[{"@type":"SearchAction","target":{"@type":"EntryPoint","urlTemplate":"https:\/\/www.slogi.si\/?s={search_term_string}"},"query-input":{"@type":"PropertyValueSpecification","valueRequired":true,"valueName":"search_term_string"}}],"inLanguage":"en-GB"},{"@type":"Organization","@id":"https:\/\/www.slogi.si\/#organization","name":"SLOGI","alternateName":"Slovenski Gledali\u0161ki In\u0161titut","url":"https:\/\/www.slogi.si\/","logo":{"@type":"ImageObject","inLanguage":"en-GB","@id":"https:\/\/www.slogi.si\/#\/schema\/logo\/image\/","url":"https:\/\/www.slogi.si\/wp-content\/uploads\/2024\/01\/favicon.svg","contentUrl":"https:\/\/www.slogi.si\/wp-content\/uploads\/2024\/01\/favicon.svg","width":100,"height":100,"caption":"SLOGI"},"image":{"@id":"https:\/\/www.slogi.si\/#\/schema\/logo\/image\/"}}]}},"_links":{"self":[{"href":"https:\/\/www.slogi.si\/en\/wp-json\/wp\/v2\/pages\/16909","targetHints":{"allow":["GET"]}}],"collection":[{"href":"https:\/\/www.slogi.si\/en\/wp-json\/wp\/v2\/pages"}],"about":[{"href":"https:\/\/www.slogi.si\/en\/wp-json\/wp\/v2\/types\/page"}],"author":[{"embeddable":true,"href":"https:\/\/www.slogi.si\/en\/wp-json\/wp\/v2\/users\/6"}],"replies":[{"embeddable":true,"href":"https:\/\/www.slogi.si\/en\/wp-json\/wp\/v2\/comments?post=16909"}],"version-history":[{"count":14,"href":"https:\/\/www.slogi.si\/en\/wp-json\/wp\/v2\/pages\/16909\/revisions"}],"predecessor-version":[{"id":17529,"href":"https:\/\/www.slogi.si\/en\/wp-json\/wp\/v2\/pages\/16909\/revisions\/17529"}],"wp:featuredmedia":[{"embeddable":true,"href":"https:\/\/www.slogi.si\/en\/wp-json\/wp\/v2\/media\/9347"}],"wp:attachment":[{"href":"https:\/\/www.slogi.si\/en\/wp-json\/wp\/v2\/media?parent=16909"}],"wp:term":[{"taxonomy":"page-tag","embeddable":true,"href":"https:\/\/www.slogi.si\/en\/wp-json\/wp\/v2\/page-tag?post=16909"}],"curies":[{"name":"wp","href":"https:\/\/api.w.org\/{rel}","templated":true}]}}