{"id":13671,"date":"2024-08-16T13:22:33","date_gmt":"2024-08-16T11:22:33","guid":{"rendered":"https:\/\/www.slogi.si\/?page_id=13671"},"modified":"2025-11-04T15:06:08","modified_gmt":"2025-11-04T14:06:08","slug":"terms-of-use-of-websites","status":"publish","type":"page","link":"https:\/\/www.slogi.si\/en\/pogoji-uporabe-spletnih-strani\/","title":{"rendered":"Website Terms of Use"},"content":{"rendered":"<div class=\"av-special-heading av-31d9am-26465753708768c4fdac55349ec4981a av-special-heading-h4 blockquote modern-quote avia-builder-el-3 el_before_av_textblock avia-builder-el-first\">\n<p class=\"av-special-heading-tag\"><strong>General provisions<\/strong><\/p>\n<\/div>\n<section class=\"av_textblock_section av-joztnu4r-7d8ac17afa83091cc97a7599f53aa4ca\">\n<div class=\"avia_textblock\">\n<p>Website (<a href=\"https:\/\/www.slogi.si\/en\/\">slogi.si<\/a>) and its related content are the property of the Slovenian Theatre Institute, Mestni trg 17, 1000 Ljubljana, registration number: 5985854000 (hereinafter: SLOGI).<\/p>\n<p>These general terms and conditions apply to the entire website and all its individual parts, such as sections, subpages or applications on websites, unless expressly stated otherwise for an individual part. SLOGI reserves the right to change these general terms and conditions at any time and without prior notice by publishing a new version on the website.<\/p>\n<p><strong>Website contents and limitation of liability when using the website<\/strong><\/p>\n<p>The content published on the website (hereinafter referred to as the content) was created with the best intention of informing and providing useful and applicable content to website visitors. Users use the published content at their own risk.<\/p>\n<p>SLOGI tries to ensure the accuracy and correctness of the data on the websites to the best of its ability, but does not assume any responsibility for the accuracy and correctness of the information and content published on the websites or transmitted via notifications (e-news), does not assume responsibility for the change or deletion of already published information or content, and does not assume responsibility for any damage that may occur to the website visitor or recipient of notifications due to the use or inability to use the information and other content published there. SLOGI is also not responsible for damage to computer equipment, mobile phones or any other application with which the websites can be accessed and used (including damage caused by viruses).<\/p>\n<p>The website also contains links to other websites. SLOGI has no control over the operation of these websites and their content and accepts no responsibility for the accuracy of this information and content.<\/p>\n<p>SLOGI reserves the right to change the content of the websites in any way and without prior notice, and assumes no responsibility for the consequences of such changes.<\/p>\n<p>The website and its related content may only be used for non-commercial purposes and subject to copyright in accordance with the law and these general terms of use.<\/p>\n<p><strong>Copyright<\/strong><\/p>\n<p>All content, graphics and other elements on the website are subject to copyright and other forms of intellectual property protection.<\/p>\n<p>Unless otherwise stated for individual content on the websites, the content of the websites may be freely reproduced and distributed in electronic form or made available to the public, all exclusively for non-profit (non-commercial) purposes and on the condition that they are not changed, not processed and that the source is indicated in the form of an active link with the name &quot;SLOGI&quot; or &quot;Slovenian Theatre Institute&quot;, pointing to the website.\u00a0<a href=\"https:\/\/www.slogi.si\/en\/\" target=\"_blank\" rel=\"noopener\">slogi.si<\/a>.<\/p>\n<p>Example of citing a source from a website\u00a0<a href=\"https:\/\/www.slogi.si\/en\/\">slogi.si<\/a>:<br \/>\n\u00bbSource: \u201cSlovenian Theatre Institute\u201d\u00ab<\/p>\n<p><strong>Protection of personal data<\/strong><\/p>\n<p>At SLOGI, we respect the privacy and security of our users&#039; personal data. We are committed to using your personal data exclusively for the purposes set out below in our Privacy Policy (link to privacy policy). We protect your personal data with care and in accordance with\u00a0<em>General Data Protection Regulation<\/em>\u00a0(<a href=\"https:\/\/eur-lex.europa.eu\/legal-content\/EN\/ALL\/?uri=CELEX%3A32016R0679\" target=\"_blank\" rel=\"noopener\">Regulation (EU) 2016\/679 OF THE EUROPEAN PARLIAMENT AND OF THE COUNCIL of 27 April 2016 on the protection of individuals with regard to the processing of personal data and on the free flow of such data and on the repeal of Directive 95\/46\/EC<\/a>) (hereinafter: GDPR) and with other legal regulations governing the area of personal data protection.<\/p>\n<p><strong>Cookies<\/strong><\/p>\n<p>The website uses text files (so-called &quot;cookies&quot;) that are stored on the devices with which Internet users access the website, and which are intended to recognize these devices. The website uses cookies to collect information about its use in order to improve the user experience.\u00a0<a href=\"https:\/\/www.slogi.si\/en\/cookies\/\">More about cookies<\/a>.<\/p>\n<p><strong>Contact information<\/strong><\/p>\n<p>If you have discovered an error or other deficiency on the website, please let us know at\u00a0<a href=\"mailto:mihael.cepeljnik@slogi.si\">mihael.cepeljnik@slogi.si<\/a>.<\/p>\n<p>To the address\u00a0<a href=\"mailto:mihael.cepeljnik@slogi.si\">tea.rogelj@slogi.si<\/a>\u00a0You can also request the removal of your personal data from the website, including any image or video recording in which you appear. In this case, SLOGI will immediately remove the personal data from the website, but is not responsible for the publication of this data or recording on other servers where other persons publish it. We are also available at the same address for other information and possible authorizations regarding copyright.<\/p>\n<\/div>\n<\/section>","protected":false},"excerpt":{"rendered":"<p>Splo\u0161ne dolo\u010dbe Spletno mesto (slogi.si) in z njim povezane vsebine so last Slovenskega gledali\u0161kega in\u0161tituta, Mestni trg 17, 1000 Ljubljana, mati\u010dna \u0161tevilka: 5985854000 (v nadaljevanju: SLOGI). Ti splo\u0161ni pogoji veljajo za celotno spletno mesto in vse njegove posamezne dele, kot so razdelki, podstrani ali aplikacije na spletnih straneh, \u010de za posamezen del izrecno ni dolo\u010deno &#8230;<\/p>","protected":false},"author":1,"featured_media":0,"parent":0,"menu_order":0,"comment_status":"closed","ping_status":"closed","template":"","meta":{"_acf_changed":false,"footnotes":""},"page-tag":[],"class_list":["post-13671","page","type-page","status-publish","hentry"],"acf":[],"yoast_head":"<!-- This site is optimized with the Yoast SEO plugin v27.4 - https:\/\/yoast.com\/product\/yoast-seo-wordpress\/ -->\n<title>Pogoji uporabe spletnih strani - SLOGI<\/title>\n<meta name=\"robots\" content=\"index, follow, max-snippet:-1, max-image-preview:large, max-video-preview:-1\" \/>\n<link rel=\"canonical\" href=\"https:\/\/www.slogi.si\/en\/terms-of-use-of-websites\/\" \/>\n<meta property=\"og:locale\" content=\"en_GB\" \/>\n<meta property=\"og:type\" content=\"article\" \/>\n<meta property=\"og:title\" content=\"Pogoji uporabe spletnih strani - SLOGI\" \/>\n<meta property=\"og:description\" content=\"Splo\u0161ne dolo\u010dbe Spletno mesto (slogi.si) in z njim povezane vsebine so last Slovenskega gledali\u0161kega in\u0161tituta, Mestni trg 17, 1000 Ljubljana, mati\u010dna \u0161tevilka: 5985854000 (v nadaljevanju: SLOGI). Ti splo\u0161ni pogoji veljajo za celotno spletno mesto in vse njegove posamezne dele, kot so razdelki, podstrani ali aplikacije na spletnih straneh, \u010de za posamezen del izrecno ni dolo\u010deno ...\" \/>\n<meta property=\"og:url\" content=\"https:\/\/www.slogi.si\/en\/terms-of-use-of-websites\/\" \/>\n<meta property=\"og:site_name\" content=\"SLOGI\" \/>\n<meta property=\"article:modified_time\" content=\"2025-11-04T14:06:08+00:00\" \/>\n<meta property=\"og:image\" content=\"https:\/\/www.slogi.si\/wp-content\/uploads\/2024\/03\/Slogi-1.jpg\" \/>\n\t<meta property=\"og:image:width\" content=\"1920\" \/>\n\t<meta property=\"og:image:height\" content=\"1303\" \/>\n\t<meta property=\"og:image:type\" content=\"image\/jpeg\" \/>\n<meta name=\"twitter:card\" content=\"summary_large_image\" \/>\n<meta name=\"twitter:label1\" content=\"Estimated reading time\" \/>\n\t<meta name=\"twitter:data1\" content=\"4 minutes\" \/>\n<script type=\"application\/ld+json\" class=\"yoast-schema-graph\">{\"@context\":\"https:\\\/\\\/schema.org\",\"@graph\":[{\"@type\":\"WebPage\",\"@id\":\"https:\\\/\\\/www.slogi.si\\\/pogoji-uporabe-spletnih-strani\\\/\",\"url\":\"https:\\\/\\\/www.slogi.si\\\/pogoji-uporabe-spletnih-strani\\\/\",\"name\":\"Pogoji uporabe spletnih strani - SLOGI\",\"isPartOf\":{\"@id\":\"https:\\\/\\\/www.slogi.si\\\/#website\"},\"datePublished\":\"2024-08-16T11:22:33+00:00\",\"dateModified\":\"2025-11-04T14:06:08+00:00\",\"breadcrumb\":{\"@id\":\"https:\\\/\\\/www.slogi.si\\\/pogoji-uporabe-spletnih-strani\\\/#breadcrumb\"},\"inLanguage\":\"en-GB\",\"potentialAction\":[{\"@type\":\"ReadAction\",\"target\":[\"https:\\\/\\\/www.slogi.si\\\/pogoji-uporabe-spletnih-strani\\\/\"]}]},{\"@type\":\"BreadcrumbList\",\"@id\":\"https:\\\/\\\/www.slogi.si\\\/pogoji-uporabe-spletnih-strani\\\/#breadcrumb\",\"itemListElement\":[{\"@type\":\"ListItem\",\"position\":1,\"name\":\"Home\",\"item\":\"https:\\\/\\\/www.slogi.si\\\/\"},{\"@type\":\"ListItem\",\"position\":2,\"name\":\"Pogoji uporabe spletnih strani\"}]},{\"@type\":\"WebSite\",\"@id\":\"https:\\\/\\\/www.slogi.si\\\/#website\",\"url\":\"https:\\\/\\\/www.slogi.si\\\/\",\"name\":\"SLOGI\",\"description\":\"Slovenski Gledali\u0161ki In\u0161titut\",\"publisher\":{\"@id\":\"https:\\\/\\\/www.slogi.si\\\/#organization\"},\"alternateName\":\"Slovenski Gledali\u0161ki In\u0161titut\",\"potentialAction\":[{\"@type\":\"SearchAction\",\"target\":{\"@type\":\"EntryPoint\",\"urlTemplate\":\"https:\\\/\\\/www.slogi.si\\\/?s={search_term_string}\"},\"query-input\":{\"@type\":\"PropertyValueSpecification\",\"valueRequired\":true,\"valueName\":\"search_term_string\"}}],\"inLanguage\":\"en-GB\"},{\"@type\":\"Organization\",\"@id\":\"https:\\\/\\\/www.slogi.si\\\/#organization\",\"name\":\"SLOGI\",\"alternateName\":\"Slovenski Gledali\u0161ki In\u0161titut\",\"url\":\"https:\\\/\\\/www.slogi.si\\\/\",\"logo\":{\"@type\":\"ImageObject\",\"inLanguage\":\"en-GB\",\"@id\":\"https:\\\/\\\/www.slogi.si\\\/#\\\/schema\\\/logo\\\/image\\\/\",\"url\":\"https:\\\/\\\/www.slogi.si\\\/wp-content\\\/uploads\\\/2024\\\/01\\\/favicon.svg\",\"contentUrl\":\"https:\\\/\\\/www.slogi.si\\\/wp-content\\\/uploads\\\/2024\\\/01\\\/favicon.svg\",\"width\":100,\"height\":100,\"caption\":\"SLOGI\"},\"image\":{\"@id\":\"https:\\\/\\\/www.slogi.si\\\/#\\\/schema\\\/logo\\\/image\\\/\"}}]}<\/script>\n<!-- \/ Yoast SEO plugin. -->","yoast_head_json":{"title":"Terms of use of websites - SLOGI","robots":{"index":"index","follow":"follow","max-snippet":"max-snippet:-1","max-image-preview":"max-image-preview:large","max-video-preview":"max-video-preview:-1"},"canonical":"https:\/\/www.slogi.si\/en\/terms-of-use-of-websites\/","og_locale":"en_GB","og_type":"article","og_title":"Pogoji uporabe spletnih strani - SLOGI","og_description":"Splo\u0161ne dolo\u010dbe Spletno mesto (slogi.si) in z njim povezane vsebine so last Slovenskega gledali\u0161kega in\u0161tituta, Mestni trg 17, 1000 Ljubljana, mati\u010dna \u0161tevilka: 5985854000 (v nadaljevanju: SLOGI). Ti splo\u0161ni pogoji veljajo za celotno spletno mesto in vse njegove posamezne dele, kot so razdelki, podstrani ali aplikacije na spletnih straneh, \u010de za posamezen del izrecno ni dolo\u010deno ...","og_url":"https:\/\/www.slogi.si\/en\/terms-of-use-of-websites\/","og_site_name":"SLOGI","article_modified_time":"2025-11-04T14:06:08+00:00","og_image":[{"width":1920,"height":1303,"url":"https:\/\/www.slogi.si\/wp-content\/uploads\/2024\/03\/Slogi-1.jpg","type":"image\/jpeg"}],"twitter_card":"summary_large_image","twitter_misc":{"Estimated reading time":"4 minutes"},"schema":{"@context":"https:\/\/schema.org","@graph":[{"@type":"WebPage","@id":"https:\/\/www.slogi.si\/pogoji-uporabe-spletnih-strani\/","url":"https:\/\/www.slogi.si\/pogoji-uporabe-spletnih-strani\/","name":"Terms of use of websites - SLOGI","isPartOf":{"@id":"https:\/\/www.slogi.si\/#website"},"datePublished":"2024-08-16T11:22:33+00:00","dateModified":"2025-11-04T14:06:08+00:00","breadcrumb":{"@id":"https:\/\/www.slogi.si\/pogoji-uporabe-spletnih-strani\/#breadcrumb"},"inLanguage":"en-GB","potentialAction":[{"@type":"ReadAction","target":["https:\/\/www.slogi.si\/pogoji-uporabe-spletnih-strani\/"]}]},{"@type":"BreadcrumbList","@id":"https:\/\/www.slogi.si\/pogoji-uporabe-spletnih-strani\/#breadcrumb","itemListElement":[{"@type":"ListItem","position":1,"name":"Home","item":"https:\/\/www.slogi.si\/"},{"@type":"ListItem","position":2,"name":"Pogoji uporabe spletnih strani"}]},{"@type":"WebSite","@id":"https:\/\/www.slogi.si\/#website","url":"https:\/\/www.slogi.si\/","name":"SLOGI","description":"Slovenian Theatre Institute","publisher":{"@id":"https:\/\/www.slogi.si\/#organization"},"alternateName":"Slovenski Gledali\u0161ki In\u0161titut","potentialAction":[{"@type":"SearchAction","target":{"@type":"EntryPoint","urlTemplate":"https:\/\/www.slogi.si\/?s={search_term_string}"},"query-input":{"@type":"PropertyValueSpecification","valueRequired":true,"valueName":"search_term_string"}}],"inLanguage":"en-GB"},{"@type":"Organization","@id":"https:\/\/www.slogi.si\/#organization","name":"SLOGI","alternateName":"Slovenski Gledali\u0161ki In\u0161titut","url":"https:\/\/www.slogi.si\/","logo":{"@type":"ImageObject","inLanguage":"en-GB","@id":"https:\/\/www.slogi.si\/#\/schema\/logo\/image\/","url":"https:\/\/www.slogi.si\/wp-content\/uploads\/2024\/01\/favicon.svg","contentUrl":"https:\/\/www.slogi.si\/wp-content\/uploads\/2024\/01\/favicon.svg","width":100,"height":100,"caption":"SLOGI"},"image":{"@id":"https:\/\/www.slogi.si\/#\/schema\/logo\/image\/"}}]}},"_links":{"self":[{"href":"https:\/\/www.slogi.si\/en\/wp-json\/wp\/v2\/pages\/13671","targetHints":{"allow":["GET"]}}],"collection":[{"href":"https:\/\/www.slogi.si\/en\/wp-json\/wp\/v2\/pages"}],"about":[{"href":"https:\/\/www.slogi.si\/en\/wp-json\/wp\/v2\/types\/page"}],"author":[{"embeddable":true,"href":"https:\/\/www.slogi.si\/en\/wp-json\/wp\/v2\/users\/1"}],"replies":[{"embeddable":true,"href":"https:\/\/www.slogi.si\/en\/wp-json\/wp\/v2\/comments?post=13671"}],"version-history":[{"count":3,"href":"https:\/\/www.slogi.si\/en\/wp-json\/wp\/v2\/pages\/13671\/revisions"}],"predecessor-version":[{"id":17396,"href":"https:\/\/www.slogi.si\/en\/wp-json\/wp\/v2\/pages\/13671\/revisions\/17396"}],"wp:attachment":[{"href":"https:\/\/www.slogi.si\/en\/wp-json\/wp\/v2\/media?parent=13671"}],"wp:term":[{"taxonomy":"page-tag","embeddable":true,"href":"https:\/\/www.slogi.si\/en\/wp-json\/wp\/v2\/page-tag?post=13671"}],"curies":[{"name":"wp","href":"https:\/\/api.w.org\/{rel}","templated":true}]}}