{"id":13667,"date":"2024-08-16T13:19:37","date_gmt":"2024-08-16T11:19:37","guid":{"rendered":"https:\/\/www.slogi.si\/?page_id=13667"},"modified":"2024-09-27T14:44:07","modified_gmt":"2024-09-27T12:44:07","slug":"accessibility-statement","status":"publish","type":"page","link":"https:\/\/www.slogi.si\/en\/o-nas\/izjava-o-dostopnosti\/","title":{"rendered":"Accessibility statement"},"content":{"rendered":"<div class=\"av-special-heading av-23q9m3-de786a47099ec12163166b2789d657bc av-special-heading-h4 blockquote modern-quote avia-builder-el-3 el_before_av_textblock avia-builder-el-first\">\n<p class=\"av-special-heading-tag\">The accessibility statement applies to the website <a href=\"http:\/\/www.slogi.si\/en\/\">slogi.si<\/a>\u00a0which is managed by the Slovenian Theatre Institute.<\/p>\n<\/div>\n<section class=\"av_textblock_section av-joztke22-4c862e50978fc0145a4184df15c754a5\">\n<div class=\"avia_textblock\">\n<h4>Compliance level<\/h4>\n<p>We estimate that the website\u00a0<a href=\"http:\/\/www.slogi.si\/en\/\">slogi.si<\/a>\u00a0accessible in accordance with the Accessibility of Websites and Mobile Applications Act.<\/p>\n<p>Regardless of the exception in the law, we also try to design all other content in a way that is as accessible as possible for everyone. However, we cannot fully guarantee this due to the exceptions listed under the section &quot;Inaccessible content&quot;.<\/p>\n<h4>Accessible content<\/h4>\n<p>Website\u00a0<a href=\"http:\/\/www.slogi.si\/en\/\">slogi.si<\/a>\u00a0is built on the WordPress platform.<\/p>\n<p>When publishing content on the website, we try to follow the Web Content Accessibility Guidelines (WCAG) as closely as possible.<\/p>\n<p><em>How is the perception of the presented content (perception) enabled?<\/em><br \/>\n\u2022 Alternative text has been added to images.<br \/>\n\u2022 Text size can be changed in the browser without losing information and structure (ctrl+plus, ctrl+minus).<br \/>\n\u2022 The contrast ratio between text and background is at least 4.5:1.<\/p>\n<p><em>What are the user interface management options (operability)?<\/em><br \/>\n\u2022 All functionalities are accessible via the keyboard.<br \/>\n\u2022 The contents are not time-limited.<br \/>\n\u2022 We avoid content that causes attacks.<br \/>\n\u2022 Contents are organized in menus.<br \/>\n\u2022 It is possible to skip all menus to the main content.<br \/>\n\u2022 The content is structured using labeled headings.<br \/>\n\u2022 We use logical connection names.<\/p>\n<p><em>Is the content and way of working with the user interface understandable to users (understandability)?<\/em><br \/>\n\u2022 The text is readable and understandable.<br \/>\n\u2022 We avoid complex texts.<br \/>\n\u2022 The use of navigation is consistent and does not change between pages.<\/p>\n<p><em>Can the content be accessed on different devices (robustness)?<\/em><br \/>\n\u2022 Users can view content on different devices (computer, tablet, smartphone).<br \/>\n\u2022 Users can view content in different browsers (for example, Google Chrome, Safari, Firefox).<br \/>\n\u2022 Users can view content using assistive technology (screen magnifier, screen reader).<\/p>\n<p>With the plugin or accessibility tool on the website, we enable the selection of larger fonts, color contrasts, light backgrounds, the use of readable fonts, and the underlining of links. The tool is located in the upper right corner of the website. The tool allows:<br \/>\n\u2022 possibility to adjust text size,<br \/>\n\u2022 possibility of setting contrast: high contrast, negative contrast, black and white contrast or light background,<br \/>\n\u2022 font setting option,<br \/>\n\u2022 marking connections.<\/p>\n<h4>Inaccessible content<\/h4>\n<p>We are constantly monitoring the accessibility of the website and continuously improving individual accessibility elements. However, some of the published content does not meet all accessibility requirements as set out in the Accessibility of Websites and Mobile Applications Act.<\/p>\n<p><em>Office documents are not the most optimal form of presenting information online, but in some cases they are difficult to avoid:<\/em><br \/>\n\u2022 Publishing longer PDF documents (e.g. annual report, documents, digital library, published publications).<br \/>\n\u2022 In the case of formatted PDF documents related to specific cultural events (program lists), in the case of a digital library or in the case of published publications, we summarize the content or provide the main information and publish it next to the document that is uploaded and accessible on the website of a specific cultural event or publication.<\/p>\n<p><em>Due to the disproportionate burden, the website also contains content that does not meet all accessibility requirements:<\/em><br \/>\n\u2022 Not all videos are equipped with subtitles.<br \/>\n\u2022 Videos are not equipped with audio description.<br \/>\n\u2022 Some elements do not have an optimal alternative description entered.<\/p>\n<p>Subtitles, audio description and descriptions are not automatic, and editing or revising would constitute a disproportionate burden. Basic information about events related to videos and content is published on the website\u00a0<a href=\"http:\/\/www.slogi.si\/en\/\">slogi.si<\/a>\u00a0in an accessible format<\/p>\n<h4>You can send us a notification of allegedly inaccessible content and\/or a request for information about inaccessible content by regular mail or email to:<\/h4>\n<p>Address: Slovenian Theatre Institute, Mestni trg 17, 1000 Ljubljana<br \/>\nPhone: +386 (0)1 241 58 00<br \/>\nEmail:\u00a0<a href=\"mailto:slogi@slogi.si\">slogi@slogi.si<\/a><\/p>\n<p>We will respond within 8 (eight) days of receiving the user&#039;s written notice or request. If we are unable to provide a satisfactory response within this time frame, we will notify you of when the response will be provided and the reasons for the delay in responding.<\/p>\n<h4>Enforcement procedure<\/h4>\n<p>If you find any deviations from the provisions of the Website and Mobile Applications Accessibility Act, you can submit a report to the Information Society Inspectorate by regular mail or email to the following address:<\/p>\n<p>Ministry of Digital Transformation of the Republic of Slovenia<br \/>\n<a href=\"https:\/\/www.gov.si\/drzavni-organi\/organi-v-sestavi\/inspektorat-za-informacijsko-druzbo\/o-inspektoratu\/\">Inspectorate of the Republic of Slovenia for the Information Society<\/a><br \/>\nTax Street 1<br \/>\n1000 Ljubljana<br \/>\nPhone: 01 555 58 48<br \/>\nE:\u00a0<a href=\"mailto:gp.irsid@gov.si\">gp.irsid@gov.si<\/a><\/p>\n<h4>Preparing an accessibility statement<\/h4>\n<p>Date of publication of the Accessibility Statement: 19. 4. 2023, based on self-assessment.<br \/>\nLast update of the Accessibility Statement: 1. 6. 2023<\/p>\n<\/div>\n<\/section>","protected":false},"excerpt":{"rendered":"<p>Izjava o dostopnosti se nana\u0161a na spletno mesto slogi.si\u00a0za katerega skrbi Slovenski gledali\u0161ki in\u0161titut. Stopnja skladnosti Ocenjujemo, da je spleti\u0161\u010de\u00a0slogi.si\u00a0dostopno skladno z Zakonom o dostopnosti spleti\u0161\u010d in mobilnih aplikacij. Ne glede na izjemo v zakonu, posku\u0161amo oblikovati tudi vse ostale vsebine tako, da bi bile v \u010dim ve\u010dji meri dostopne za vse. Tega pa ne &#8230;<\/p>","protected":false},"author":1,"featured_media":0,"parent":11963,"menu_order":0,"comment_status":"closed","ping_status":"closed","template":"","meta":{"_acf_changed":false,"footnotes":""},"page-tag":[],"class_list":["post-13667","page","type-page","status-publish","hentry"],"acf":[],"yoast_head":"<!-- This site is optimized with the Yoast SEO plugin v27.6 - https:\/\/yoast.com\/product\/yoast-seo-wordpress\/ -->\n<title>Izjava o dostopnosti - SLOGI<\/title>\n<meta name=\"robots\" content=\"index, follow, max-snippet:-1, max-image-preview:large, max-video-preview:-1\" \/>\n<link rel=\"canonical\" href=\"https:\/\/www.slogi.si\/en\/about-us\/accessibility-statement\/\" \/>\n<meta property=\"og:locale\" content=\"en_GB\" \/>\n<meta property=\"og:type\" content=\"article\" \/>\n<meta property=\"og:title\" content=\"Izjava o dostopnosti - SLOGI\" \/>\n<meta property=\"og:description\" content=\"Izjava o dostopnosti se nana\u0161a na spletno mesto slogi.si\u00a0za katerega skrbi Slovenski gledali\u0161ki in\u0161titut. Stopnja skladnosti Ocenjujemo, da je spleti\u0161\u010de\u00a0slogi.si\u00a0dostopno skladno z Zakonom o dostopnosti spleti\u0161\u010d in mobilnih aplikacij. Ne glede na izjemo v zakonu, posku\u0161amo oblikovati tudi vse ostale vsebine tako, da bi bile v \u010dim ve\u010dji meri dostopne za vse. Tega pa ne ...\" \/>\n<meta property=\"og:url\" content=\"https:\/\/www.slogi.si\/en\/about-us\/accessibility-statement\/\" \/>\n<meta property=\"og:site_name\" content=\"SLOGI\" \/>\n<meta property=\"article:modified_time\" content=\"2024-09-27T12:44:07+00:00\" \/>\n<meta property=\"og:image\" content=\"https:\/\/www.slogi.si\/wp-content\/uploads\/2024\/03\/Slogi-1.jpg\" \/>\n\t<meta property=\"og:image:width\" content=\"1920\" \/>\n\t<meta property=\"og:image:height\" content=\"1303\" \/>\n\t<meta property=\"og:image:type\" content=\"image\/jpeg\" \/>\n<meta name=\"twitter:card\" content=\"summary_large_image\" \/>\n<meta name=\"twitter:label1\" content=\"Estimated reading time\" \/>\n\t<meta name=\"twitter:data1\" content=\"4 minutes\" \/>\n<script type=\"application\/ld+json\" class=\"yoast-schema-graph\">{\"@context\":\"https:\\\/\\\/schema.org\",\"@graph\":[{\"@type\":\"WebPage\",\"@id\":\"https:\\\/\\\/www.slogi.si\\\/o-nas\\\/izjava-o-dostopnosti\\\/\",\"url\":\"https:\\\/\\\/www.slogi.si\\\/o-nas\\\/izjava-o-dostopnosti\\\/\",\"name\":\"Izjava o dostopnosti - SLOGI\",\"isPartOf\":{\"@id\":\"https:\\\/\\\/www.slogi.si\\\/#website\"},\"datePublished\":\"2024-08-16T11:19:37+00:00\",\"dateModified\":\"2024-09-27T12:44:07+00:00\",\"breadcrumb\":{\"@id\":\"https:\\\/\\\/www.slogi.si\\\/o-nas\\\/izjava-o-dostopnosti\\\/#breadcrumb\"},\"inLanguage\":\"en-GB\",\"potentialAction\":[{\"@type\":\"ReadAction\",\"target\":[\"https:\\\/\\\/www.slogi.si\\\/o-nas\\\/izjava-o-dostopnosti\\\/\"]}]},{\"@type\":\"BreadcrumbList\",\"@id\":\"https:\\\/\\\/www.slogi.si\\\/o-nas\\\/izjava-o-dostopnosti\\\/#breadcrumb\",\"itemListElement\":[{\"@type\":\"ListItem\",\"position\":1,\"name\":\"Home\",\"item\":\"https:\\\/\\\/www.slogi.si\\\/\"},{\"@type\":\"ListItem\",\"position\":2,\"name\":\"O nas\",\"item\":\"https:\\\/\\\/www.slogi.si\\\/o-nas\\\/\"},{\"@type\":\"ListItem\",\"position\":3,\"name\":\"Izjava o dostopnosti\"}]},{\"@type\":\"WebSite\",\"@id\":\"https:\\\/\\\/www.slogi.si\\\/#website\",\"url\":\"https:\\\/\\\/www.slogi.si\\\/\",\"name\":\"SLOGI\",\"description\":\"Slovenski Gledali\u0161ki In\u0161titut\",\"publisher\":{\"@id\":\"https:\\\/\\\/www.slogi.si\\\/#organization\"},\"alternateName\":\"Slovenski Gledali\u0161ki In\u0161titut\",\"potentialAction\":[{\"@type\":\"SearchAction\",\"target\":{\"@type\":\"EntryPoint\",\"urlTemplate\":\"https:\\\/\\\/www.slogi.si\\\/?s={search_term_string}\"},\"query-input\":{\"@type\":\"PropertyValueSpecification\",\"valueRequired\":true,\"valueName\":\"search_term_string\"}}],\"inLanguage\":\"en-GB\"},{\"@type\":\"Organization\",\"@id\":\"https:\\\/\\\/www.slogi.si\\\/#organization\",\"name\":\"SLOGI\",\"alternateName\":\"Slovenski Gledali\u0161ki In\u0161titut\",\"url\":\"https:\\\/\\\/www.slogi.si\\\/\",\"logo\":{\"@type\":\"ImageObject\",\"inLanguage\":\"en-GB\",\"@id\":\"https:\\\/\\\/www.slogi.si\\\/#\\\/schema\\\/logo\\\/image\\\/\",\"url\":\"https:\\\/\\\/www.slogi.si\\\/wp-content\\\/uploads\\\/2024\\\/01\\\/favicon.svg\",\"contentUrl\":\"https:\\\/\\\/www.slogi.si\\\/wp-content\\\/uploads\\\/2024\\\/01\\\/favicon.svg\",\"width\":100,\"height\":100,\"caption\":\"SLOGI\"},\"image\":{\"@id\":\"https:\\\/\\\/www.slogi.si\\\/#\\\/schema\\\/logo\\\/image\\\/\"}}]}<\/script>\n<!-- \/ Yoast SEO plugin. -->","yoast_head_json":{"title":"Accessibility Statement - SLOGI","robots":{"index":"index","follow":"follow","max-snippet":"max-snippet:-1","max-image-preview":"max-image-preview:large","max-video-preview":"max-video-preview:-1"},"canonical":"https:\/\/www.slogi.si\/en\/about-us\/accessibility-statement\/","og_locale":"en_GB","og_type":"article","og_title":"Izjava o dostopnosti - SLOGI","og_description":"Izjava o dostopnosti se nana\u0161a na spletno mesto slogi.si\u00a0za katerega skrbi Slovenski gledali\u0161ki in\u0161titut. Stopnja skladnosti Ocenjujemo, da je spleti\u0161\u010de\u00a0slogi.si\u00a0dostopno skladno z Zakonom o dostopnosti spleti\u0161\u010d in mobilnih aplikacij. Ne glede na izjemo v zakonu, posku\u0161amo oblikovati tudi vse ostale vsebine tako, da bi bile v \u010dim ve\u010dji meri dostopne za vse. Tega pa ne ...","og_url":"https:\/\/www.slogi.si\/en\/about-us\/accessibility-statement\/","og_site_name":"SLOGI","article_modified_time":"2024-09-27T12:44:07+00:00","og_image":[{"width":1920,"height":1303,"url":"https:\/\/www.slogi.si\/wp-content\/uploads\/2024\/03\/Slogi-1.jpg","type":"image\/jpeg"}],"twitter_card":"summary_large_image","twitter_misc":{"Estimated reading time":"4 minutes"},"schema":{"@context":"https:\/\/schema.org","@graph":[{"@type":"WebPage","@id":"https:\/\/www.slogi.si\/o-nas\/izjava-o-dostopnosti\/","url":"https:\/\/www.slogi.si\/o-nas\/izjava-o-dostopnosti\/","name":"Accessibility Statement - SLOGI","isPartOf":{"@id":"https:\/\/www.slogi.si\/#website"},"datePublished":"2024-08-16T11:19:37+00:00","dateModified":"2024-09-27T12:44:07+00:00","breadcrumb":{"@id":"https:\/\/www.slogi.si\/o-nas\/izjava-o-dostopnosti\/#breadcrumb"},"inLanguage":"en-GB","potentialAction":[{"@type":"ReadAction","target":["https:\/\/www.slogi.si\/o-nas\/izjava-o-dostopnosti\/"]}]},{"@type":"BreadcrumbList","@id":"https:\/\/www.slogi.si\/o-nas\/izjava-o-dostopnosti\/#breadcrumb","itemListElement":[{"@type":"ListItem","position":1,"name":"Home","item":"https:\/\/www.slogi.si\/"},{"@type":"ListItem","position":2,"name":"O nas","item":"https:\/\/www.slogi.si\/o-nas\/"},{"@type":"ListItem","position":3,"name":"Izjava o dostopnosti"}]},{"@type":"WebSite","@id":"https:\/\/www.slogi.si\/#website","url":"https:\/\/www.slogi.si\/","name":"SLOGI","description":"Slovenian Theatre Institute","publisher":{"@id":"https:\/\/www.slogi.si\/#organization"},"alternateName":"Slovenski Gledali\u0161ki In\u0161titut","potentialAction":[{"@type":"SearchAction","target":{"@type":"EntryPoint","urlTemplate":"https:\/\/www.slogi.si\/?s={search_term_string}"},"query-input":{"@type":"PropertyValueSpecification","valueRequired":true,"valueName":"search_term_string"}}],"inLanguage":"en-GB"},{"@type":"Organization","@id":"https:\/\/www.slogi.si\/#organization","name":"SLOGI","alternateName":"Slovenski Gledali\u0161ki In\u0161titut","url":"https:\/\/www.slogi.si\/","logo":{"@type":"ImageObject","inLanguage":"en-GB","@id":"https:\/\/www.slogi.si\/#\/schema\/logo\/image\/","url":"https:\/\/www.slogi.si\/wp-content\/uploads\/2024\/01\/favicon.svg","contentUrl":"https:\/\/www.slogi.si\/wp-content\/uploads\/2024\/01\/favicon.svg","width":100,"height":100,"caption":"SLOGI"},"image":{"@id":"https:\/\/www.slogi.si\/#\/schema\/logo\/image\/"}}]}},"_links":{"self":[{"href":"https:\/\/www.slogi.si\/en\/wp-json\/wp\/v2\/pages\/13667","targetHints":{"allow":["GET"]}}],"collection":[{"href":"https:\/\/www.slogi.si\/en\/wp-json\/wp\/v2\/pages"}],"about":[{"href":"https:\/\/www.slogi.si\/en\/wp-json\/wp\/v2\/types\/page"}],"author":[{"embeddable":true,"href":"https:\/\/www.slogi.si\/en\/wp-json\/wp\/v2\/users\/1"}],"replies":[{"embeddable":true,"href":"https:\/\/www.slogi.si\/en\/wp-json\/wp\/v2\/comments?post=13667"}],"version-history":[{"count":3,"href":"https:\/\/www.slogi.si\/en\/wp-json\/wp\/v2\/pages\/13667\/revisions"}],"predecessor-version":[{"id":14357,"href":"https:\/\/www.slogi.si\/en\/wp-json\/wp\/v2\/pages\/13667\/revisions\/14357"}],"up":[{"embeddable":true,"href":"https:\/\/www.slogi.si\/en\/wp-json\/wp\/v2\/pages\/11963"}],"wp:attachment":[{"href":"https:\/\/www.slogi.si\/en\/wp-json\/wp\/v2\/media?parent=13667"}],"wp:term":[{"taxonomy":"page-tag","embeddable":true,"href":"https:\/\/www.slogi.si\/en\/wp-json\/wp\/v2\/page-tag?post=13667"}],"curies":[{"name":"wp","href":"https:\/\/api.w.org\/{rel}","templated":true}]}}