{"id":13653,"date":"2024-08-16T12:22:10","date_gmt":"2024-08-16T10:22:10","guid":{"rendered":"https:\/\/www.slogi.si\/?page_id=13653"},"modified":"2025-11-05T10:05:31","modified_gmt":"2025-11-05T09:05:31","slug":"cookies","status":"publish","type":"page","link":"https:\/\/www.slogi.si\/en\/piskotki\/","title":{"rendered":"More about cookies"},"content":{"rendered":"<p><strong>What are cookies?<\/strong><\/p>\n<p>Cookies are small text files that most websites store on the devices that users use to access the Internet, so that the websites can recognize the individual devices that users used to access. The website slogi.si uses cookies in order to collect data about its use in order to improve the user experience. The storage of cookies is under the full control of the browser used by the user - it can limit or disable the storage of cookies as desired.<\/p>\n<p><strong>More detailed information about cookies is available <a href=\"https:\/\/www.ip-rs.si\/fileadmin\/user_upload\/Pdf\/smernice\/Smernice_o_uporabi_piskotkov.pdf\">in the information officer&#039;s handbook.<\/a><\/strong><\/p>\n<p><strong>Cookies on slogi.si<\/strong><\/p>\n<p><strong>Necessary cookies for website operation<\/strong><\/p>\n<table border=\"0\" cellspacing=\"0\" cellpadding=\"0\">\n<tbody>\n<tr>\n<td>Ime pi\u0161kotka<\/td>\n<td>Namen uporabe<\/td>\n<td>\u010cas poteka<\/td>\n<td>Domena<\/td>\n<\/tr>\n<tr>\n<td width=\"159\">PHPSESSID<\/td>\n<td width=\"322\">Osnovno delovanje stre\u017enika, sistemski pi\u0161kotek, vzpostavitev uporabni\u0161ke seje<\/td>\n<td width=\"104\">1 ura<\/td>\n<td width=\"170\">slogi.si<\/td>\n<\/tr>\n<\/tbody>\n<\/table>\n<p><strong>Cookies for web analytics, social networks and third-party cookies<\/strong><\/p>\n<table style=\"height: 74px;\" border=\"0\" width=\"765\" cellspacing=\"0\" cellpadding=\"0\">\n<tbody>\n<tr>\n<td>Ime pi\u0161kotka<\/td>\n<td>Namen uporabe\/Ponudnik<\/td>\n<td>\u010cas poteka<\/td>\n<td>Domena<\/td>\n<\/tr>\n<tr>\n<td>_ga<\/td>\n<td>Uporablja se za razlikovanje uporabnikov, statistika ogledov spletne strani\/Google Analytics<\/td>\n<td>2 leti<\/td>\n<td>slogi.si<\/td>\n<\/tr>\n<tr>\n<td>_gid<\/td>\n<td>Uporablja se za razlikovanje uporabnikov, statistika ogledov spletne strani\/Google Analytics<\/td>\n<td>24 ur<\/td>\n<td>slogi.si<\/td>\n<\/tr>\n<\/tbody>\n<\/table>\n<p>Online cookies, which are absolutely necessary for the operation of the website, can be installed on the visitor&#039;s first visit to the page. Cookies for web analytics, advanced advertising, social networks and other third-party cookies are installed only with the prior consent of the visitor.<\/p>\n<p>Our websites may include social media features such as Facebook, Twitter, LinkedIn, Google+ or YouTube buttons. These features may collect information about you, such as information about your IP address and the websites you visit, and may set a cookie to ensure that the feature works properly. The processing of this data through interactions with these features is governed by the privacy notice\/policy of the company providing the service.<\/p>\n<p><strong>Disabling cookies<\/strong><\/p>\n<p>Ob prvem obisku na\u0161ega spletnega mesta vam je na voljo mo\u017enosti za dovolitev ali zavrnitev pi\u0161kotkov, kar lahko kadarkoli spremenite preko ikone Spreminjanje nastavitev pi\u0161kotkov. Prosimo, upo\u0161tevajte, da izbira dovolitve ali zavrnitve pi\u0161kotkov u\u010dinkuje samo na na\u0161em spletnem mestu.<\/p>\n<p>Na spletu se uporabniki lahko samostojno odlo\u010dite, ali \u017eelite omogo\u010diti uporabo pi\u0161kotkov. Nastavitve za pi\u0161kotke lahko nadzirate in spreminjate v svojem spletnem brskalniku. Informacije o nastavitvah za pi\u0161kotke (za razli\u010dne spletne brskalnike) so na voljo na spodnjih povezavah:<\/p>\n<p><a href=\"https:\/\/support.google.com\/chrome\/answer\/95647?hl=sl-sl&amp;p=cpn_cookies\">Chrome<\/a><br \/>\n<a href=\"https:\/\/support.mozilla.org\/sl\/kb\/izboljsana-zascita-pred-sledenjem?redirectslug=kako-omogocite-onemogocite-piskotke&amp;redirectlocale=sl\">Firefox<\/a><br \/>\n<a href=\"https:\/\/support.microsoft.com\/sl-si\/windows\/upravljanje-pi%C5%A1kotkov-v-brskalniku-microsoft-edge-ogled-omogo%C4%8Danje-blokiranje-brisanje-in-uporaba-168dab11-0753-043d-7c16-ede5947fc64d\">Internet Explorer<\/a><\/p>\n<p>If you turn off cookies, some features of the website will be disabled.<\/p>\n<p>&nbsp;<\/p>","protected":false},"excerpt":{"rendered":"<p>Kaj so pi\u0161kotki? Pi\u0161kotki so majhne besedilne datoteke, ki jih ve\u010dina spletnih mest shrani v naprave, s katerimi uporabniki dostopajo do medmre\u017eja, da bi spletna mesta lahko prepoznavala posamezne naprave, ki so jih uporabniki uporabili pri dostopu. Spletno mesto slogi.si uporablja pi\u0161kotke z namenom zbiranja podatkov o njegovi uporabi za izbolj\u0161anje uporabni\u0161ke izku\u0161nje. Shranjevanje pi\u0161kotkov &#8230;<\/p>","protected":false},"author":1,"featured_media":0,"parent":0,"menu_order":0,"comment_status":"closed","ping_status":"open","template":"","meta":{"_acf_changed":false,"footnotes":""},"page-tag":[],"class_list":["post-13653","page","type-page","status-publish","hentry"],"acf":[],"yoast_head":"<!-- This site is optimized with the Yoast SEO plugin v27.5 - https:\/\/yoast.com\/product\/yoast-seo-wordpress\/ -->\n<title>Ve\u010d o pi\u0161kotkih - SLOGI<\/title>\n<meta name=\"robots\" content=\"index, follow, max-snippet:-1, max-image-preview:large, max-video-preview:-1\" \/>\n<link rel=\"canonical\" href=\"https:\/\/www.slogi.si\/en\/cookies\/\" \/>\n<meta property=\"og:locale\" content=\"en_GB\" \/>\n<meta property=\"og:type\" content=\"article\" \/>\n<meta property=\"og:title\" content=\"Ve\u010d o pi\u0161kotkih - SLOGI\" \/>\n<meta property=\"og:description\" content=\"Kaj so pi\u0161kotki? Pi\u0161kotki so majhne besedilne datoteke, ki jih ve\u010dina spletnih mest shrani v naprave, s katerimi uporabniki dostopajo do medmre\u017eja, da bi spletna mesta lahko prepoznavala posamezne naprave, ki so jih uporabniki uporabili pri dostopu. Spletno mesto slogi.si uporablja pi\u0161kotke z namenom zbiranja podatkov o njegovi uporabi za izbolj\u0161anje uporabni\u0161ke izku\u0161nje. Shranjevanje pi\u0161kotkov ...\" \/>\n<meta property=\"og:url\" content=\"https:\/\/www.slogi.si\/en\/cookies\/\" \/>\n<meta property=\"og:site_name\" content=\"SLOGI\" \/>\n<meta property=\"article:modified_time\" content=\"2025-11-05T09:05:31+00:00\" \/>\n<meta property=\"og:image\" content=\"https:\/\/www.slogi.si\/wp-content\/uploads\/2024\/03\/Slogi-1.jpg\" \/>\n\t<meta property=\"og:image:width\" content=\"1920\" \/>\n\t<meta property=\"og:image:height\" content=\"1303\" \/>\n\t<meta property=\"og:image:type\" content=\"image\/jpeg\" \/>\n<meta name=\"twitter:card\" content=\"summary_large_image\" \/>\n<meta name=\"twitter:label1\" content=\"Estimated reading time\" \/>\n\t<meta name=\"twitter:data1\" content=\"2 minutes\" \/>\n<script type=\"application\/ld+json\" class=\"yoast-schema-graph\">{\"@context\":\"https:\\\/\\\/schema.org\",\"@graph\":[{\"@type\":\"WebPage\",\"@id\":\"https:\\\/\\\/www.slogi.si\\\/piskotki\\\/\",\"url\":\"https:\\\/\\\/www.slogi.si\\\/piskotki\\\/\",\"name\":\"Ve\u010d o pi\u0161kotkih - SLOGI\",\"isPartOf\":{\"@id\":\"https:\\\/\\\/www.slogi.si\\\/#website\"},\"datePublished\":\"2024-08-16T10:22:10+00:00\",\"dateModified\":\"2025-11-05T09:05:31+00:00\",\"breadcrumb\":{\"@id\":\"https:\\\/\\\/www.slogi.si\\\/piskotki\\\/#breadcrumb\"},\"inLanguage\":\"en-GB\",\"potentialAction\":[{\"@type\":\"ReadAction\",\"target\":[\"https:\\\/\\\/www.slogi.si\\\/piskotki\\\/\"]}]},{\"@type\":\"BreadcrumbList\",\"@id\":\"https:\\\/\\\/www.slogi.si\\\/piskotki\\\/#breadcrumb\",\"itemListElement\":[{\"@type\":\"ListItem\",\"position\":1,\"name\":\"Home\",\"item\":\"https:\\\/\\\/www.slogi.si\\\/\"},{\"@type\":\"ListItem\",\"position\":2,\"name\":\"Ve\u010d o pi\u0161kotkih\"}]},{\"@type\":\"WebSite\",\"@id\":\"https:\\\/\\\/www.slogi.si\\\/#website\",\"url\":\"https:\\\/\\\/www.slogi.si\\\/\",\"name\":\"SLOGI\",\"description\":\"Slovenski Gledali\u0161ki In\u0161titut\",\"publisher\":{\"@id\":\"https:\\\/\\\/www.slogi.si\\\/#organization\"},\"alternateName\":\"Slovenski Gledali\u0161ki In\u0161titut\",\"potentialAction\":[{\"@type\":\"SearchAction\",\"target\":{\"@type\":\"EntryPoint\",\"urlTemplate\":\"https:\\\/\\\/www.slogi.si\\\/?s={search_term_string}\"},\"query-input\":{\"@type\":\"PropertyValueSpecification\",\"valueRequired\":true,\"valueName\":\"search_term_string\"}}],\"inLanguage\":\"en-GB\"},{\"@type\":\"Organization\",\"@id\":\"https:\\\/\\\/www.slogi.si\\\/#organization\",\"name\":\"SLOGI\",\"alternateName\":\"Slovenski Gledali\u0161ki In\u0161titut\",\"url\":\"https:\\\/\\\/www.slogi.si\\\/\",\"logo\":{\"@type\":\"ImageObject\",\"inLanguage\":\"en-GB\",\"@id\":\"https:\\\/\\\/www.slogi.si\\\/#\\\/schema\\\/logo\\\/image\\\/\",\"url\":\"https:\\\/\\\/www.slogi.si\\\/wp-content\\\/uploads\\\/2024\\\/01\\\/favicon.svg\",\"contentUrl\":\"https:\\\/\\\/www.slogi.si\\\/wp-content\\\/uploads\\\/2024\\\/01\\\/favicon.svg\",\"width\":100,\"height\":100,\"caption\":\"SLOGI\"},\"image\":{\"@id\":\"https:\\\/\\\/www.slogi.si\\\/#\\\/schema\\\/logo\\\/image\\\/\"}}]}<\/script>\n<!-- \/ Yoast SEO plugin. -->","yoast_head_json":{"title":"Ve\u010d o pi\u0161kotkih - SLOGI","robots":{"index":"index","follow":"follow","max-snippet":"max-snippet:-1","max-image-preview":"max-image-preview:large","max-video-preview":"max-video-preview:-1"},"canonical":"https:\/\/www.slogi.si\/en\/cookies\/","og_locale":"en_GB","og_type":"article","og_title":"Ve\u010d o pi\u0161kotkih - SLOGI","og_description":"Kaj so pi\u0161kotki? Pi\u0161kotki so majhne besedilne datoteke, ki jih ve\u010dina spletnih mest shrani v naprave, s katerimi uporabniki dostopajo do medmre\u017eja, da bi spletna mesta lahko prepoznavala posamezne naprave, ki so jih uporabniki uporabili pri dostopu. Spletno mesto slogi.si uporablja pi\u0161kotke z namenom zbiranja podatkov o njegovi uporabi za izbolj\u0161anje uporabni\u0161ke izku\u0161nje. Shranjevanje pi\u0161kotkov ...","og_url":"https:\/\/www.slogi.si\/en\/cookies\/","og_site_name":"SLOGI","article_modified_time":"2025-11-05T09:05:31+00:00","og_image":[{"width":1920,"height":1303,"url":"https:\/\/www.slogi.si\/wp-content\/uploads\/2024\/03\/Slogi-1.jpg","type":"image\/jpeg"}],"twitter_card":"summary_large_image","twitter_misc":{"Estimated reading time":"2 minutes"},"schema":{"@context":"https:\/\/schema.org","@graph":[{"@type":"WebPage","@id":"https:\/\/www.slogi.si\/piskotki\/","url":"https:\/\/www.slogi.si\/piskotki\/","name":"Ve\u010d o pi\u0161kotkih - SLOGI","isPartOf":{"@id":"https:\/\/www.slogi.si\/#website"},"datePublished":"2024-08-16T10:22:10+00:00","dateModified":"2025-11-05T09:05:31+00:00","breadcrumb":{"@id":"https:\/\/www.slogi.si\/piskotki\/#breadcrumb"},"inLanguage":"en-GB","potentialAction":[{"@type":"ReadAction","target":["https:\/\/www.slogi.si\/piskotki\/"]}]},{"@type":"BreadcrumbList","@id":"https:\/\/www.slogi.si\/piskotki\/#breadcrumb","itemListElement":[{"@type":"ListItem","position":1,"name":"Home","item":"https:\/\/www.slogi.si\/"},{"@type":"ListItem","position":2,"name":"Ve\u010d o pi\u0161kotkih"}]},{"@type":"WebSite","@id":"https:\/\/www.slogi.si\/#website","url":"https:\/\/www.slogi.si\/","name":"SLOGI","description":"Slovenian Theatre Institute","publisher":{"@id":"https:\/\/www.slogi.si\/#organization"},"alternateName":"Slovenski Gledali\u0161ki In\u0161titut","potentialAction":[{"@type":"SearchAction","target":{"@type":"EntryPoint","urlTemplate":"https:\/\/www.slogi.si\/?s={search_term_string}"},"query-input":{"@type":"PropertyValueSpecification","valueRequired":true,"valueName":"search_term_string"}}],"inLanguage":"en-GB"},{"@type":"Organization","@id":"https:\/\/www.slogi.si\/#organization","name":"SLOGI","alternateName":"Slovenski Gledali\u0161ki In\u0161titut","url":"https:\/\/www.slogi.si\/","logo":{"@type":"ImageObject","inLanguage":"en-GB","@id":"https:\/\/www.slogi.si\/#\/schema\/logo\/image\/","url":"https:\/\/www.slogi.si\/wp-content\/uploads\/2024\/01\/favicon.svg","contentUrl":"https:\/\/www.slogi.si\/wp-content\/uploads\/2024\/01\/favicon.svg","width":100,"height":100,"caption":"SLOGI"},"image":{"@id":"https:\/\/www.slogi.si\/#\/schema\/logo\/image\/"}}]}},"_links":{"self":[{"href":"https:\/\/www.slogi.si\/en\/wp-json\/wp\/v2\/pages\/13653","targetHints":{"allow":["GET"]}}],"collection":[{"href":"https:\/\/www.slogi.si\/en\/wp-json\/wp\/v2\/pages"}],"about":[{"href":"https:\/\/www.slogi.si\/en\/wp-json\/wp\/v2\/types\/page"}],"author":[{"embeddable":true,"href":"https:\/\/www.slogi.si\/en\/wp-json\/wp\/v2\/users\/1"}],"replies":[{"embeddable":true,"href":"https:\/\/www.slogi.si\/en\/wp-json\/wp\/v2\/comments?post=13653"}],"version-history":[{"count":9,"href":"https:\/\/www.slogi.si\/en\/wp-json\/wp\/v2\/pages\/13653\/revisions"}],"predecessor-version":[{"id":17397,"href":"https:\/\/www.slogi.si\/en\/wp-json\/wp\/v2\/pages\/13653\/revisions\/17397"}],"wp:attachment":[{"href":"https:\/\/www.slogi.si\/en\/wp-json\/wp\/v2\/media?parent=13653"}],"wp:term":[{"taxonomy":"page-tag","embeddable":true,"href":"https:\/\/www.slogi.si\/en\/wp-json\/wp\/v2\/page-tag?post=13653"}],"curies":[{"name":"wp","href":"https:\/\/api.w.org\/{rel}","templated":true}]}}