{"id":12945,"date":"2024-01-01T06:48:25","date_gmt":"2024-01-01T05:48:25","guid":{"rendered":"https:\/\/www.slogi.si\/?page_id=12945"},"modified":"2025-07-07T13:39:28","modified_gmt":"2025-07-07T11:39:28","slug":"slovenian-theatre-news","status":"publish","type":"page","link":"https:\/\/www.slogi.si\/en\/slovenian-theatre-news\/","title":{"rendered":"Slovenian Theatre News"},"content":{"rendered":"<style>\/*! elementor - v3.22.0 - 16-06-2024 *\/<br \/>.elementor-heading-title{padding:0;margin:0;line-height:1}.elementor-widget-heading .elementor-heading-title[class*=elementor-size-]>a{color:inherit;font-size:inherit;line-height:inherit}.elementor-widget-heading .elementor-heading-title.elementor-size-small{font-size:15px}.elementor-widget-heading .elementor-heading-title.elementor-size-medium{font-size:19px}.elementor-widget-heading .elementor-heading-title.elementor-size-large{font-size:29px}.elementor-widget-heading .elementor-heading-title.elementor-size-xl{font-size:39px}.elementor-widget-heading .elementor-heading-title.elementor-size-xxl{font-size:59px}<\/style>\n<p>Kot izdajatelji spletnega portala<em><a href=\"https:\/\/veza.sigledal.org\/kritika\" target=\"_blank\" rel=\"noopener\">\u00a0Kritika<\/a><\/em>, na katerem objavljamo gledali\u0161ke kritike ve\u010dine gledali\u0161kih uprizoritev v Sloveniji, dvakrat na sezono v angle\u0161\u010dino prevedemo kritike desetih najbolj\u0161ih predstav po izboru avtorjev in odgovorne urednice Zale Dobov\u0161ek.<\/p>\n<p><em>Slovenian Theatre News<\/em>, ki ga razpo\u0161iljamo partnerjem v tujini, prina\u0161a najbolj\u0161e, kar ponuja sodobno slovensko gledali\u0161\u010de. Kritike so opremljene s fotografijo iz predstave in elektronskim naslovom za ve\u010d informacij, videoposnetke predstav ipd.<\/p>\n<p>\u017delimo, da bo ta pobuda \u0161irila novice o na\u0161i sodobni gledali\u0161ki produkciji in slovenskemu gledali\u0161\u010du odprla vrata na mednarodne odre.<\/p>\n<p>&nbsp;<\/p>\n<h4><em>Slovenian Theatre News<\/em>, julij 2025<\/h4>\n<p><a href=\"https:\/\/www.slogi.si\/wp-content\/uploads\/2025\/07\/STN_July_2025.pdf\" target=\"_blank\" rel=\"noopener\"><button class=\"btn btn-danger btn-lg\" type=\"button\"><small>Preberite &gt;&gt; Slovenian Theatre News, julij 2025<\/small><\/button><\/a><\/p>\n<div style=\"position: relative; padding-top: max(60%,324px); width: 100%; height: 0;\"><iframe style=\"position: absolute; border: none; width: 100%; height: 100%; left: 0; top: 0;\" src=\" https:\/\/online.fliphtml5.com\/udmwf\/tgxf\/\" frameborder=\"0\" scrolling=\"no\" seamless=\"seamless\" allowfullscreen=\"allowfullscreen\"><span style=\"display: inline-block; width: 0px; overflow: hidden; line-height: 0;\" data-mce-type=\"bookmark\" class=\"mce_SELRES_start\">\ufeff<\/span><\/iframe><\/div>\n<p><a href=\"https:\/\/online.fliphtml5.com\/udmwf\/tgxf\" target=\"_blank\" rel=\"noopener\">Celozaslonsko &gt;&gt;<\/a><\/p>\n<p>&nbsp;<\/p>\n<h4 style=\"text-align: left;\"><em>Slovenian Theatre News<\/em>, april 2025<\/h4>\n<p style=\"text-align: left;\"><a href=\"https:\/\/www.slogi.si\/wp-content\/uploads\/2025\/04\/STN_April-2025.pdf\" target=\"_blank\" rel=\"noopener\"><button class=\"btn btn-danger btn-lg\" type=\"button\"><small>Preberite &gt;&gt; Slovenian Theatre News, april 2025<\/small><\/button><\/a><\/p>\n<div style=\"position: relative; padding-top: max(60%,324px); width: 100%; height: 0;\"><iframe style=\"position: absolute; border: none; width: 100%; height: 100%; left: 0; top: 0;\" src=\" https:\/\/online.fliphtml5.com\/udmwf\/lyfj\" frameborder=\"0\" scrolling=\"no\" seamless=\"seamless\" allowfullscreen=\"allowfullscreen\"><\/iframe><\/div>\n<p style=\"text-align: left;\"><a href=\"https:\/\/online.fliphtml5.com\/udmwf\/lyfj\" target=\"_blank\" rel=\"noopener\">Celozaslonsko &gt;&gt;<\/a><\/p>\n<p>&nbsp;<\/p>\n<h4 style=\"text-align: left;\"><em>Slovenian Theatre News<\/em>, julij 2024<\/h4>\n<p style=\"text-align: left;\"><a href=\"https:\/\/www.slogi.si\/wp-content\/uploads\/2024\/07\/STN_Julij-2024.pdf\" target=\"_blank\" rel=\"noopener\"><button class=\"btn btn-danger btn-lg\" type=\"button\"><small>Preberite &gt;&gt; Slovenian Theatre News, julij 2024<\/small><\/button><\/a><\/p>\n<div style=\"position: relative; padding-top: max(60%,324px); width: 100%; height: 0;\"><iframe style=\"position: absolute; border: none; width: 100%; height: 100%; left: 0; top: 0;\" src=\"https:\/\/online.fliphtml5.com\/udmwf\/cvqr\/\" frameborder=\"0\" scrolling=\"no\" seamless=\"seamless\" allowfullscreen=\"allowfullscreen\"><\/iframe><\/div>\n<p style=\"text-align: left;\"><a href=\"https:\/\/online.fliphtml5.com\/udmwf\/cvqr\" target=\"_blank\" rel=\"noopener\">Celozaslonsko &gt;&gt;<\/a><\/p>\n<p>&nbsp;<\/p>\n<h6>Arhiv 2015\u20132019<\/h6>\n<p><strong>2019:<\/strong>\u00a0<a href=\"https:\/\/www.slogi.si\/wp-content\/uploads\/2024\/07\/Newsletter_january_2019.pdf\">januar<\/a>,\u00a0<a href=\"https:\/\/www.slogi.si\/wp-content\/uploads\/2024\/07\/Newsletter_march_2019.pdf\" target=\"_blank\" rel=\"noopener noreferrer\">marec<\/a>,\u00a0<a href=\"https:\/\/www.slogi.si\/wp-content\/uploads\/2024\/07\/Newsletter_june_2019.pdf\" target=\"_blank\" rel=\"noopener\">junij<\/a><\/p>\n<p><strong>2018:\u00a0<\/strong><a href=\"https:\/\/www.slogi.si\/wp-content\/uploads\/2024\/07\/Newsletter_februar_2018.pdf\" target=\"_blank\" rel=\"noopener noreferrer\">februar<\/a>,\u00a0<a href=\"https:\/\/www.slogi.si\/wp-content\/uploads\/2024\/07\/Newsletter_may_2018.pdf\" target=\"_blank\" rel=\"noopener noreferrer\">maj<\/a>,\u00a0<a href=\"https:\/\/www.slogi.si\/wp-content\/uploads\/2024\/07\/Newsletter_november_2018.pdf\" target=\"_blank\" rel=\"noopener noreferrer\">november<\/a><\/p>\n<p><strong>2017:<\/strong>\u00a0<a href=\"https:\/\/www.slogi.si\/wp-content\/uploads\/2024\/07\/Newsletter_january_2017.pdf\" target=\"_blank\" rel=\"noopener noreferrer\">januar<\/a>,\u00a0<a href=\"https:\/\/www.slogi.si\/wp-content\/uploads\/2024\/07\/Newsletter_april-2017.pdf\" target=\"_blank\" rel=\"noopener noreferrer\">april<\/a>,\u00a0<a href=\"https:\/\/www.slogi.si\/wp-content\/uploads\/2024\/07\/Newsletter_june-2017.pdf\" target=\"_blank\" rel=\"noopener noreferrer\">junij<\/a>,\u00a0<a href=\"https:\/\/www.slogi.si\/wp-content\/uploads\/2024\/07\/Newsletter_november_2017.pdf\" target=\"_blank\" rel=\"noopener noreferrer\">november<\/a><\/p>\n<p><strong>2016:\u00a0<\/strong><a href=\"https:\/\/www.slogi.si\/wp-content\/uploads\/2024\/07\/Newsletter_februar_2016.pdf\" target=\"_blank\" rel=\"noopener noreferrer\">februar<\/a>,\u00a0<a href=\"https:\/\/www.slogi.si\/wp-content\/uploads\/2024\/07\/Newsletter_april_2016.pdf\" target=\"_blank\" rel=\"noopener noreferrer\">april<\/a>,\u00a0<a href=\"https:\/\/www.slogi.si\/wp-content\/uploads\/2024\/07\/Newsletter_junij_2016.pdf\" target=\"_blank\" rel=\"noopener noreferrer\">junij<\/a>,\u00a0<a href=\"https:\/\/www.slogi.si\/wp-content\/uploads\/2024\/07\/Newsletter_november_2016_dop.pdf\" target=\"_blank\" rel=\"noopener noreferrer\">november<\/a>,\u00a0<a href=\"https:\/\/www.slogi.si\/wp-content\/uploads\/2024\/07\/Newsletter_december_2016.pdf\" target=\"_blank\" rel=\"noopener noreferrer\">december<\/a><\/p>\n<p><strong>2015:\u00a0<\/strong><a href=\"https:\/\/www.slogi.si\/wp-content\/uploads\/2024\/07\/Newsletter_november_-final.pdf\" target=\"_blank\" rel=\"noopener noreferrer\">november<\/a>,\u00a0<a href=\"https:\/\/www.slogi.si\/wp-content\/uploads\/2024\/07\/Newsletter_december.pdf\" target=\"_blank\" rel=\"noopener noreferrer\">december<\/a><\/p>\n<p><a href=\"https:\/\/www.slogi.si\/wp-content\/uploads\/2024\/07\/MiSmoGledalisce.pdf\" target=\"_blank\" rel=\"noopener noreferrer\">Bro\u0161ura\u00a0<em>Mi smo gledali\u0161\u010de \/ We are theatre<\/em><\/a><\/p>\n","protected":false},"excerpt":{"rendered":"<p>Kot izdajatelji spletnega portala\u00a0Kritika, na katerem objavljamo gledali\u0161ke kritike ve\u010dine gledali\u0161kih uprizoritev v Sloveniji, dvakrat na sezono v angle\u0161\u010dino prevedemo kritike desetih najbolj\u0161ih predstav po izboru avtorjev in odgovorne urednice Zale Dobov\u0161ek. Slovenian Theatre News, ki ga razpo\u0161iljamo partnerjem v tujini, prina\u0161a najbolj\u0161e, kar ponuja sodobno slovensko gledali\u0161\u010de. Kritike so opremljene s fotografijo iz predstave &#8230;<\/p>","protected":false},"author":1,"featured_media":0,"parent":0,"menu_order":0,"comment_status":"closed","ping_status":"closed","template":"","meta":{"_acf_changed":false,"footnotes":""},"page-tag":[],"class_list":["post-12945","page","type-page","status-publish","hentry"],"acf":[],"yoast_head":"<!-- This site is optimized with the Yoast SEO plugin v27.5 - https:\/\/yoast.com\/product\/yoast-seo-wordpress\/ -->\n<title>Slovenian Theatre News - SLOGI<\/title>\n<meta name=\"robots\" content=\"index, follow, max-snippet:-1, max-image-preview:large, max-video-preview:-1\" \/>\n<link rel=\"canonical\" href=\"https:\/\/www.slogi.si\/en\/slovenian-theatre-news\/\" \/>\n<meta property=\"og:locale\" content=\"en_GB\" \/>\n<meta property=\"og:type\" content=\"article\" \/>\n<meta property=\"og:title\" content=\"Slovenian Theatre News - SLOGI\" \/>\n<meta property=\"og:description\" content=\"Kot izdajatelji spletnega portala\u00a0Kritika, na katerem objavljamo gledali\u0161ke kritike ve\u010dine gledali\u0161kih uprizoritev v Sloveniji, dvakrat na sezono v angle\u0161\u010dino prevedemo kritike desetih najbolj\u0161ih predstav po izboru avtorjev in odgovorne urednice Zale Dobov\u0161ek. Slovenian Theatre News, ki ga razpo\u0161iljamo partnerjem v tujini, prina\u0161a najbolj\u0161e, kar ponuja sodobno slovensko gledali\u0161\u010de. Kritike so opremljene s fotografijo iz predstave ...\" \/>\n<meta property=\"og:url\" content=\"https:\/\/www.slogi.si\/en\/slovenian-theatre-news\/\" \/>\n<meta property=\"og:site_name\" content=\"SLOGI\" \/>\n<meta property=\"article:modified_time\" content=\"2025-07-07T11:39:28+00:00\" \/>\n<meta property=\"og:image\" content=\"https:\/\/www.slogi.si\/wp-content\/uploads\/2024\/03\/Slogi-1.jpg\" \/>\n\t<meta property=\"og:image:width\" content=\"1920\" \/>\n\t<meta property=\"og:image:height\" content=\"1303\" \/>\n\t<meta property=\"og:image:type\" content=\"image\/jpeg\" \/>\n<meta name=\"twitter:card\" content=\"summary_large_image\" \/>\n<meta name=\"twitter:label1\" content=\"Estimated reading time\" \/>\n\t<meta name=\"twitter:data1\" content=\"1 minute\" \/>\n<script type=\"application\/ld+json\" class=\"yoast-schema-graph\">{\"@context\":\"https:\\\/\\\/schema.org\",\"@graph\":[{\"@type\":\"WebPage\",\"@id\":\"https:\\\/\\\/www.slogi.si\\\/slovenian-theatre-news\\\/\",\"url\":\"https:\\\/\\\/www.slogi.si\\\/slovenian-theatre-news\\\/\",\"name\":\"Slovenian Theatre News - SLOGI\",\"isPartOf\":{\"@id\":\"https:\\\/\\\/www.slogi.si\\\/#website\"},\"datePublished\":\"2024-01-01T05:48:25+00:00\",\"dateModified\":\"2025-07-07T11:39:28+00:00\",\"breadcrumb\":{\"@id\":\"https:\\\/\\\/www.slogi.si\\\/slovenian-theatre-news\\\/#breadcrumb\"},\"inLanguage\":\"en-GB\",\"potentialAction\":[{\"@type\":\"ReadAction\",\"target\":[\"https:\\\/\\\/www.slogi.si\\\/slovenian-theatre-news\\\/\"]}]},{\"@type\":\"BreadcrumbList\",\"@id\":\"https:\\\/\\\/www.slogi.si\\\/slovenian-theatre-news\\\/#breadcrumb\",\"itemListElement\":[{\"@type\":\"ListItem\",\"position\":1,\"name\":\"Home\",\"item\":\"https:\\\/\\\/www.slogi.si\\\/\"},{\"@type\":\"ListItem\",\"position\":2,\"name\":\"Slovenian Theatre News\"}]},{\"@type\":\"WebSite\",\"@id\":\"https:\\\/\\\/www.slogi.si\\\/#website\",\"url\":\"https:\\\/\\\/www.slogi.si\\\/\",\"name\":\"SLOGI\",\"description\":\"Slovenski Gledali\u0161ki In\u0161titut\",\"publisher\":{\"@id\":\"https:\\\/\\\/www.slogi.si\\\/#organization\"},\"alternateName\":\"Slovenski Gledali\u0161ki In\u0161titut\",\"potentialAction\":[{\"@type\":\"SearchAction\",\"target\":{\"@type\":\"EntryPoint\",\"urlTemplate\":\"https:\\\/\\\/www.slogi.si\\\/?s={search_term_string}\"},\"query-input\":{\"@type\":\"PropertyValueSpecification\",\"valueRequired\":true,\"valueName\":\"search_term_string\"}}],\"inLanguage\":\"en-GB\"},{\"@type\":\"Organization\",\"@id\":\"https:\\\/\\\/www.slogi.si\\\/#organization\",\"name\":\"SLOGI\",\"alternateName\":\"Slovenski Gledali\u0161ki In\u0161titut\",\"url\":\"https:\\\/\\\/www.slogi.si\\\/\",\"logo\":{\"@type\":\"ImageObject\",\"inLanguage\":\"en-GB\",\"@id\":\"https:\\\/\\\/www.slogi.si\\\/#\\\/schema\\\/logo\\\/image\\\/\",\"url\":\"https:\\\/\\\/www.slogi.si\\\/wp-content\\\/uploads\\\/2024\\\/01\\\/favicon.svg\",\"contentUrl\":\"https:\\\/\\\/www.slogi.si\\\/wp-content\\\/uploads\\\/2024\\\/01\\\/favicon.svg\",\"width\":100,\"height\":100,\"caption\":\"SLOGI\"},\"image\":{\"@id\":\"https:\\\/\\\/www.slogi.si\\\/#\\\/schema\\\/logo\\\/image\\\/\"}}]}<\/script>\n<!-- \/ Yoast SEO plugin. -->","yoast_head_json":{"title":"Slovenian Theater News - SLOGI","robots":{"index":"index","follow":"follow","max-snippet":"max-snippet:-1","max-image-preview":"max-image-preview:large","max-video-preview":"max-video-preview:-1"},"canonical":"https:\/\/www.slogi.si\/en\/slovenian-theatre-news\/","og_locale":"en_GB","og_type":"article","og_title":"Slovenian Theatre News - SLOGI","og_description":"Kot izdajatelji spletnega portala\u00a0Kritika, na katerem objavljamo gledali\u0161ke kritike ve\u010dine gledali\u0161kih uprizoritev v Sloveniji, dvakrat na sezono v angle\u0161\u010dino prevedemo kritike desetih najbolj\u0161ih predstav po izboru avtorjev in odgovorne urednice Zale Dobov\u0161ek. Slovenian Theatre News, ki ga razpo\u0161iljamo partnerjem v tujini, prina\u0161a najbolj\u0161e, kar ponuja sodobno slovensko gledali\u0161\u010de. Kritike so opremljene s fotografijo iz predstave ...","og_url":"https:\/\/www.slogi.si\/en\/slovenian-theatre-news\/","og_site_name":"SLOGI","article_modified_time":"2025-07-07T11:39:28+00:00","og_image":[{"width":1920,"height":1303,"url":"https:\/\/www.slogi.si\/wp-content\/uploads\/2024\/03\/Slogi-1.jpg","type":"image\/jpeg"}],"twitter_card":"summary_large_image","twitter_misc":{"Estimated reading time":"1 minute"},"schema":{"@context":"https:\/\/schema.org","@graph":[{"@type":"WebPage","@id":"https:\/\/www.slogi.si\/slovenian-theatre-news\/","url":"https:\/\/www.slogi.si\/slovenian-theatre-news\/","name":"Slovenian Theater News - SLOGI","isPartOf":{"@id":"https:\/\/www.slogi.si\/#website"},"datePublished":"2024-01-01T05:48:25+00:00","dateModified":"2025-07-07T11:39:28+00:00","breadcrumb":{"@id":"https:\/\/www.slogi.si\/slovenian-theatre-news\/#breadcrumb"},"inLanguage":"en-GB","potentialAction":[{"@type":"ReadAction","target":["https:\/\/www.slogi.si\/slovenian-theatre-news\/"]}]},{"@type":"BreadcrumbList","@id":"https:\/\/www.slogi.si\/slovenian-theatre-news\/#breadcrumb","itemListElement":[{"@type":"ListItem","position":1,"name":"Home","item":"https:\/\/www.slogi.si\/"},{"@type":"ListItem","position":2,"name":"Slovenian Theatre News"}]},{"@type":"WebSite","@id":"https:\/\/www.slogi.si\/#website","url":"https:\/\/www.slogi.si\/","name":"SLOGI","description":"Slovenian Theatre Institute","publisher":{"@id":"https:\/\/www.slogi.si\/#organization"},"alternateName":"Slovenski Gledali\u0161ki In\u0161titut","potentialAction":[{"@type":"SearchAction","target":{"@type":"EntryPoint","urlTemplate":"https:\/\/www.slogi.si\/?s={search_term_string}"},"query-input":{"@type":"PropertyValueSpecification","valueRequired":true,"valueName":"search_term_string"}}],"inLanguage":"en-GB"},{"@type":"Organization","@id":"https:\/\/www.slogi.si\/#organization","name":"SLOGI","alternateName":"Slovenski Gledali\u0161ki In\u0161titut","url":"https:\/\/www.slogi.si\/","logo":{"@type":"ImageObject","inLanguage":"en-GB","@id":"https:\/\/www.slogi.si\/#\/schema\/logo\/image\/","url":"https:\/\/www.slogi.si\/wp-content\/uploads\/2024\/01\/favicon.svg","contentUrl":"https:\/\/www.slogi.si\/wp-content\/uploads\/2024\/01\/favicon.svg","width":100,"height":100,"caption":"SLOGI"},"image":{"@id":"https:\/\/www.slogi.si\/#\/schema\/logo\/image\/"}}]}},"_links":{"self":[{"href":"https:\/\/www.slogi.si\/en\/wp-json\/wp\/v2\/pages\/12945","targetHints":{"allow":["GET"]}}],"collection":[{"href":"https:\/\/www.slogi.si\/en\/wp-json\/wp\/v2\/pages"}],"about":[{"href":"https:\/\/www.slogi.si\/en\/wp-json\/wp\/v2\/types\/page"}],"author":[{"embeddable":true,"href":"https:\/\/www.slogi.si\/en\/wp-json\/wp\/v2\/users\/1"}],"replies":[{"embeddable":true,"href":"https:\/\/www.slogi.si\/en\/wp-json\/wp\/v2\/comments?post=12945"}],"version-history":[{"count":20,"href":"https:\/\/www.slogi.si\/en\/wp-json\/wp\/v2\/pages\/12945\/revisions"}],"predecessor-version":[{"id":16629,"href":"https:\/\/www.slogi.si\/en\/wp-json\/wp\/v2\/pages\/12945\/revisions\/16629"}],"wp:attachment":[{"href":"https:\/\/www.slogi.si\/en\/wp-json\/wp\/v2\/media?parent=12945"}],"wp:term":[{"taxonomy":"page-tag","embeddable":true,"href":"https:\/\/www.slogi.si\/en\/wp-json\/wp\/v2\/page-tag?post=12945"}],"curies":[{"name":"wp","href":"https:\/\/api.w.org\/{rel}","templated":true}]}}