{"id":12653,"date":"2024-01-01T07:00:04","date_gmt":"2024-01-01T06:00:04","guid":{"rendered":"https:\/\/www.slogi.si\/?page_id=12653"},"modified":"2025-01-27T13:26:05","modified_gmt":"2025-01-27T12:26:05","slug":"spectators","status":"publish","type":"page","link":"https:\/\/www.slogi.si\/en\/gledalisce\/","title":{"rendered":"Gleda(l)i\u0161\u010de and the Golden Stick"},"content":{"rendered":"<div data-elementor-type=\"wp-page\" data-elementor-id=\"12653\" class=\"elementor elementor-12653\" data-elementor-post-type=\"page\">\n\t\t\t\t<div class=\"elementor-element elementor-element-9f286af e-flex e-con-boxed e-con e-parent\" data-id=\"9f286af\" data-element_type=\"container\" data-e-type=\"container\" data-settings=\"{&quot;background_background&quot;:&quot;classic&quot;}\">\n\t\t\t\t\t<div class=\"e-con-inner\">\n\t\t<div class=\"elementor-element elementor-element-3169ae6 e-con-full e-flex e-con e-child\" data-id=\"3169ae6\" data-element_type=\"container\" data-e-type=\"container\">\n\t\t\t\t<div class=\"elementor-element elementor-element-ad85b01 elementor-widget elementor-widget-heading\" data-id=\"ad85b01\" data-element_type=\"widget\" data-e-type=\"widget\" data-widget_type=\"heading.default\">\n\t\t\t\t\t<p class=\"elementor-heading-title elementor-size-default\">The national project of cultural and artistic education to increase the theater literacy and creativity of children, young people and professional workers, the promotion of interdisciplinary creative partnerships and the development of general competences in the field of culture.<\/p>\t\t\t\t<\/div>\n\t\t\t\t<div class=\"elementor-element elementor-element-be51037 elementor-widget elementor-widget-image\" data-id=\"be51037\" data-element_type=\"widget\" data-e-type=\"widget\" data-widget_type=\"image.default\">\n\t\t\t\t\t\t\t\t\t\t\t\t\t\t\t<img decoding=\"async\" width=\"239\" height=\"43\" src=\"https:\/\/www.slogi.si\/wp-content\/uploads\/2024\/01\/Gledalisce.jpg\" class=\"attachment-full size-full wp-image-8446\" alt=\"\" \/>\t\t\t\t\t\t\t\t\t\t\t\t\t\t\t<\/div>\n\t\t\t\t<\/div>\n\t\t\t\t\t<\/div>\n\t\t\t\t<\/div>\n\t\t<div class=\"elementor-element elementor-element-171adeb e-flex e-con-boxed e-con e-parent\" data-id=\"171adeb\" data-element_type=\"container\" data-e-type=\"container\">\n\t\t\t\t\t<div class=\"e-con-inner\">\n\t\t<div class=\"elementor-element elementor-element-f4f7855 e-flex e-con-boxed e-con e-child\" data-id=\"f4f7855\" data-element_type=\"container\" data-e-type=\"container\">\n\t\t\t\t\t<div class=\"e-con-inner\">\n\t\t\t\t<div class=\"elementor-element elementor-element-680addb elementor-widget elementor-widget-text-editor\" data-id=\"680addb\" data-element_type=\"widget\" data-e-type=\"widget\" data-widget_type=\"text-editor.default\">\n\t\t\t\t\t\t\t\t\t<p>Slovenian Theater Institute (SLOGI) as\u00a0<strong>national coordinator of cultural and artistic education<\/strong>\u00a0(KUV) in the field of theater advocates for the connection between professional theater institutions and creators in the field of KUV and for closer cooperation with educational institutions (VIZ).<\/p><p>In the period 2016-2021, SLOGI was the contractor of the project<strong>\u00a0watching(<i>l<\/i>) is looking for<\/strong>. The operation was carried out within the framework of the Development of Innovative Learning Environments and Flexible Forms of Learning Program for Raising General Competences in the Field of Culture (JR ESS RIUO 2016\u20132021) and was co-financed by the European Union from the European Social Fund and the Ministry of Culture of the Republic of Slovenia.<\/p><p>Project<strong>\u00a0watching(<i>l<\/i>) is looking for<\/strong>\u00a0was designed as an exemplary model and a comprehensive strategy of a flexible form of learning, which connects educational institutions, cultural institutions and creators in partnership and introduces informal, creative, cultural and educational approaches into the formal learning environment. The project introduced informal, creative approaches to the formal learning environment to increase knowledge about theatre, performance process, dramaturgy and theater heritage.<\/p>\t\t\t\t\t\t\t\t<\/div>\n\t\t\t\t\t<\/div>\n\t\t\t\t<\/div>\n\t\t\t\t\t<\/div>\n\t\t\t\t<\/div>\n\t\t<div class=\"elementor-element elementor-element-e67ecc2 e-flex e-con-boxed e-con e-parent\" data-id=\"e67ecc2\" data-element_type=\"container\" data-e-type=\"container\">\n\t\t\t\t\t<div class=\"e-con-inner\">\n\t\t<div class=\"elementor-element elementor-element-a788d7b e-flex e-con-boxed e-con e-child\" data-id=\"a788d7b\" data-element_type=\"container\" data-e-type=\"container\">\n\t\t\t\t\t<div class=\"e-con-inner\">\n\t\t\t\t<div class=\"elementor-element elementor-element-313be4e elementor-widget elementor-widget-text-editor\" data-id=\"313be4e\" data-element_type=\"widget\" data-e-type=\"widget\" data-widget_type=\"text-editor.default\">\n\t\t\t\t\t\t\t\t\t<p>Even after the completion of the project, we continue to manage the basic module of the project\u00a0<a href=\"http:\/\/www.zlatapalicica.si\/\" target=\"_blank\" rel=\"noopener\"><strong>platform\u00a0<\/strong><em><strong>Golden Stick (Zlata pali\u010dica) platform<\/strong><\/em><\/a>, which is an integrated online environment, an integral part of which are recommended high-quality theater performances for children and youth and recommended KUV content in the field of theater. The platform actively encourages partnership between VIZ and creators and enables systematic and continuous learning about quality theater productions for children and youth.<\/p>\t\t\t\t\t\t\t\t<\/div>\n\t\t\t\t<div class=\"elementor-element elementor-element-f004531 elementor-widget elementor-widget-image\" data-id=\"f004531\" data-element_type=\"widget\" data-e-type=\"widget\" data-widget_type=\"image.default\">\n\t\t\t\t\t\t\t\t\t\t\t\t\t\t\t<img decoding=\"async\" width=\"300\" height=\"142\" src=\"https:\/\/www.slogi.si\/wp-content\/uploads\/2024\/05\/LogoZlataPalicica-1-300x142-1.png\" class=\"attachment-full size-full wp-image-12346\" alt=\"\" \/>\t\t\t\t\t\t\t\t\t\t\t\t\t\t\t<\/div>\n\t\t\t\t\t<\/div>\n\t\t\t\t<\/div>\n\t\t\t\t\t<\/div>\n\t\t\t\t<\/div>\n\t\t<div class=\"elementor-element elementor-element-d4dfc13 e-flex e-con-boxed e-con e-parent\" data-id=\"d4dfc13\" data-element_type=\"container\" data-e-type=\"container\">\n\t\t\t\t\t<div class=\"e-con-inner\">\n\t\t<div class=\"elementor-element elementor-element-d1802fd e-flex e-con-boxed e-con e-child\" data-id=\"d1802fd\" data-element_type=\"container\" data-e-type=\"container\">\n\t\t\t\t\t<div class=\"e-con-inner\">\n\t\t\t\t\t<\/div>\n\t\t\t\t<\/div>\n\t\t<div class=\"elementor-element elementor-element-1d5fd0e e-flex e-con-boxed e-con e-child\" data-id=\"1d5fd0e\" data-element_type=\"container\" data-e-type=\"container\">\n\t\t\t\t\t<div class=\"e-con-inner\">\n\t\t\t\t<div class=\"elementor-element elementor-element-6fea169 elementor-widget elementor-widget-text-editor\" data-id=\"6fea169\" data-element_type=\"widget\" data-e-type=\"widget\" data-widget_type=\"text-editor.default\">\n\t\t\t\t\t\t\t\t\t<p>Even after the completion of the project, we continue to manage the basic module of the project\u00a0<a href=\"http:\/\/www.zlatapalicica.si\/\" target=\"_blank\" rel=\"noopener\"><strong>platform\u00a0<\/strong><em><strong>Golden Stick (Zlata pali\u010dica) platform<\/strong><\/em><\/a>, which is an integrated online environment, an integral part of which are recommended high-quality theater performances for children and youth and recommended KUV content in the field of theater. The platform actively encourages partnership between VIZ and creators and enables systematic and continuous learning about quality theater productions for children and youth.<\/p>\t\t\t\t\t\t\t\t<\/div>\n\t\t\t\t\t<\/div>\n\t\t\t\t<\/div>\n\t\t<div class=\"elementor-element elementor-element-fecb78f e-flex e-con-boxed e-con e-child\" data-id=\"fecb78f\" data-element_type=\"container\" data-e-type=\"container\">\n\t\t\t\t\t<div class=\"e-con-inner\">\n\t\t\t\t<div class=\"elementor-element elementor-element-ae504a5 elementor-widget elementor-widget-video\" data-id=\"ae504a5\" data-element_type=\"widget\" data-e-type=\"widget\" data-settings=\"{&quot;youtube_url&quot;:&quot;https:\\\/\\\/youtu.be\\\/dAMmptTnZNc&quot;,&quot;video_type&quot;:&quot;youtube&quot;,&quot;controls&quot;:&quot;yes&quot;}\" data-widget_type=\"video.default\">\n\t\t\t\t\t\t\t<div class=\"elementor-wrapper elementor-open-inline\">\n\t\t\t<div class=\"elementor-video\"><\/div>\t\t<\/div>\n\t\t\t\t\t\t<\/div>\n\t\t\t\t\t<\/div>\n\t\t\t\t<\/div>\n\t\t\t\t\t<\/div>\n\t\t\t\t<\/div>\n\t\t<div class=\"elementor-element elementor-element-8d5d0cb e-flex e-con-boxed e-con e-parent\" data-id=\"8d5d0cb\" data-element_type=\"container\" data-e-type=\"container\" data-settings=\"{&quot;background_background&quot;:&quot;classic&quot;}\">\n\t\t\t\t\t<div class=\"e-con-inner\">\n\t\t<div class=\"elementor-element elementor-element-83139e5 e-flex e-con-boxed e-con e-child\" data-id=\"83139e5\" data-element_type=\"container\" data-e-type=\"container\">\n\t\t\t\t\t<div class=\"e-con-inner\">\n\t\t\t\t<div class=\"elementor-element elementor-element-6fb98ed elementor-widget elementor-widget-text-editor\" data-id=\"6fb98ed\" data-element_type=\"widget\" data-e-type=\"widget\" data-widget_type=\"text-editor.default\">\n\t\t\t\t\t\t\t\t\t<p>The implementation part of the project included three main modules: <strong><em>The show under scrutiny<\/em><\/strong>\u00a0as a guided tour of a theater performance and an exemplary model of integrating a visit to the theater into the learning environment,\u00a0<em><strong>Pre-Drama!<\/strong><\/em>\u00a0as a creative partnership to develop a flexible form of teaching drama and theater heritage and\u00a0<strong><em>Let&#039;s give each other fire<\/em><\/strong>\u00a0as a set of professional trainings and exchanges of good practices for professional workers from VIZ and culture and for creators.<\/p><p>Project<strong>\u00a0He is looking\u00a0<\/strong>was held throughout Slovenia in cooperation with VIZ and higher education institutions, as well as governmental and non-governmental producers and creators in the field of performing arts.<\/p><p>It was also published as part of the project\u00a0<strong>theater literacy manual\u00a0<a href=\"https:\/\/www.slogi.si\/en\/publications\/gledalisce-pod-drobnogledom-prirocnik-za-gledalisko-opismenjevanje\/\" target=\"_blank\" rel=\"noopener\"><em>Theater under the microscope<\/em><\/a><\/strong>.<\/p><p><a href=\"http:\/\/slogi.si\/wp-content\/uploads\/2018\/03\/Gledalisce_zlozenka.pdf\" target=\"_blank\" rel=\"noopener\">Leaflet of the Gleda project (<i>l<\/i>) is looking for<b><\/b><\/a><\/p><p>The investment was co-financed by the Ministry of Culture of the Republic of Slovenia and the European Union from the European Social Fund.<\/p>\t\t\t\t\t\t\t\t<\/div>\n\t\t\t\t\t<\/div>\n\t\t\t\t<\/div>\n\t\t<div class=\"elementor-element elementor-element-e1f8c97 e-flex e-con-boxed e-con e-child\" data-id=\"e1f8c97\" data-element_type=\"container\" data-e-type=\"container\">\n\t\t\t\t\t<div class=\"e-con-inner\">\n\t\t\t\t\t<\/div>\n\t\t\t\t<\/div>\n\t\t\t\t\t<\/div>\n\t\t\t\t<\/div>\n\t\t\t\t<\/div>","protected":false},"excerpt":{"rendered":"<p>Nacionalni projekt kulturno-umetnostne vzgoje za pove\u010danje gledali\u0161ke pismenosti in ustvarjalnosti otrok, mladih in strokovnih delavcev, spodbujanje medpodro\u010dnih kreativnih partnerstev ter razvoj splo\u0161nih kompetenc na podro\u010dju kulture. Slovenski gledali\u0161ki in\u0161titut (SLOGI) se kot\u00a0nacionalni koordinator kulturno-umetnostne vzgoje\u00a0(KUV) na gledali\u0161kem podro\u010dju zavzema za povezovanje med profesionalnimi gledali\u0161kimi ustanovami in ustvarjalci na podro\u010dju KUV ter za tesnej\u0161e sodelovanje z &#8230;<\/p>","protected":false},"author":1,"featured_media":0,"parent":0,"menu_order":0,"comment_status":"closed","ping_status":"closed","template":"","meta":{"_acf_changed":false,"footnotes":""},"page-tag":[],"class_list":["post-12653","page","type-page","status-publish","hentry"],"acf":[],"yoast_head":"<!-- This site is optimized with the Yoast SEO plugin v27.5 - https:\/\/yoast.com\/product\/yoast-seo-wordpress\/ -->\n<title>Gleda(l)i\u0161\u010de in Zlata pali\u010dica - SLOGI<\/title>\n<meta name=\"robots\" content=\"index, follow, max-snippet:-1, max-image-preview:large, max-video-preview:-1\" \/>\n<link rel=\"canonical\" href=\"https:\/\/www.slogi.si\/en\/spectators\/\" \/>\n<meta property=\"og:locale\" content=\"en_GB\" \/>\n<meta property=\"og:type\" content=\"article\" \/>\n<meta property=\"og:title\" content=\"Gleda(l)i\u0161\u010de in Zlata pali\u010dica - SLOGI\" \/>\n<meta property=\"og:description\" content=\"Nacionalni projekt kulturno-umetnostne vzgoje za pove\u010danje gledali\u0161ke pismenosti in ustvarjalnosti otrok, mladih in strokovnih delavcev, spodbujanje medpodro\u010dnih kreativnih partnerstev ter razvoj splo\u0161nih kompetenc na podro\u010dju kulture. Slovenski gledali\u0161ki in\u0161titut (SLOGI) se kot\u00a0nacionalni koordinator kulturno-umetnostne vzgoje\u00a0(KUV) na gledali\u0161kem podro\u010dju zavzema za povezovanje med profesionalnimi gledali\u0161kimi ustanovami in ustvarjalci na podro\u010dju KUV ter za tesnej\u0161e sodelovanje z ...\" \/>\n<meta property=\"og:url\" content=\"https:\/\/www.slogi.si\/en\/spectators\/\" \/>\n<meta property=\"og:site_name\" content=\"SLOGI\" \/>\n<meta property=\"article:modified_time\" content=\"2025-01-27T12:26:05+00:00\" \/>\n<meta property=\"og:image\" content=\"https:\/\/www.slogi.si\/wp-content\/uploads\/2024\/01\/Gledalisce.jpg\" \/>\n\t<meta property=\"og:image:width\" content=\"239\" \/>\n\t<meta property=\"og:image:height\" content=\"43\" \/>\n\t<meta property=\"og:image:type\" content=\"image\/jpeg\" \/>\n<meta name=\"twitter:card\" content=\"summary_large_image\" \/>\n<script type=\"application\/ld+json\" class=\"yoast-schema-graph\">{\"@context\":\"https:\\\/\\\/schema.org\",\"@graph\":[{\"@type\":\"WebPage\",\"@id\":\"https:\\\/\\\/www.slogi.si\\\/gledalisce\\\/\",\"url\":\"https:\\\/\\\/www.slogi.si\\\/gledalisce\\\/\",\"name\":\"Gleda(l)i\u0161\u010de in Zlata pali\u010dica - SLOGI\",\"isPartOf\":{\"@id\":\"https:\\\/\\\/www.slogi.si\\\/#website\"},\"primaryImageOfPage\":{\"@id\":\"https:\\\/\\\/www.slogi.si\\\/gledalisce\\\/#primaryimage\"},\"image\":{\"@id\":\"https:\\\/\\\/www.slogi.si\\\/gledalisce\\\/#primaryimage\"},\"thumbnailUrl\":\"https:\\\/\\\/www.slogi.si\\\/wp-content\\\/uploads\\\/2024\\\/01\\\/Gledalisce.jpg\",\"datePublished\":\"2024-01-01T06:00:04+00:00\",\"dateModified\":\"2025-01-27T12:26:05+00:00\",\"breadcrumb\":{\"@id\":\"https:\\\/\\\/www.slogi.si\\\/gledalisce\\\/#breadcrumb\"},\"inLanguage\":\"en-GB\",\"potentialAction\":[{\"@type\":\"ReadAction\",\"target\":[\"https:\\\/\\\/www.slogi.si\\\/gledalisce\\\/\"]}]},{\"@type\":\"ImageObject\",\"inLanguage\":\"en-GB\",\"@id\":\"https:\\\/\\\/www.slogi.si\\\/gledalisce\\\/#primaryimage\",\"url\":\"https:\\\/\\\/www.slogi.si\\\/wp-content\\\/uploads\\\/2024\\\/01\\\/Gledalisce.jpg\",\"contentUrl\":\"https:\\\/\\\/www.slogi.si\\\/wp-content\\\/uploads\\\/2024\\\/01\\\/Gledalisce.jpg\"},{\"@type\":\"BreadcrumbList\",\"@id\":\"https:\\\/\\\/www.slogi.si\\\/gledalisce\\\/#breadcrumb\",\"itemListElement\":[{\"@type\":\"ListItem\",\"position\":1,\"name\":\"Home\",\"item\":\"https:\\\/\\\/www.slogi.si\\\/\"},{\"@type\":\"ListItem\",\"position\":2,\"name\":\"Gleda(l)i\u0161\u010de in Zlata pali\u010dica\"}]},{\"@type\":\"WebSite\",\"@id\":\"https:\\\/\\\/www.slogi.si\\\/#website\",\"url\":\"https:\\\/\\\/www.slogi.si\\\/\",\"name\":\"SLOGI\",\"description\":\"Slovenski Gledali\u0161ki In\u0161titut\",\"publisher\":{\"@id\":\"https:\\\/\\\/www.slogi.si\\\/#organization\"},\"alternateName\":\"Slovenski Gledali\u0161ki In\u0161titut\",\"potentialAction\":[{\"@type\":\"SearchAction\",\"target\":{\"@type\":\"EntryPoint\",\"urlTemplate\":\"https:\\\/\\\/www.slogi.si\\\/?s={search_term_string}\"},\"query-input\":{\"@type\":\"PropertyValueSpecification\",\"valueRequired\":true,\"valueName\":\"search_term_string\"}}],\"inLanguage\":\"en-GB\"},{\"@type\":\"Organization\",\"@id\":\"https:\\\/\\\/www.slogi.si\\\/#organization\",\"name\":\"SLOGI\",\"alternateName\":\"Slovenski Gledali\u0161ki In\u0161titut\",\"url\":\"https:\\\/\\\/www.slogi.si\\\/\",\"logo\":{\"@type\":\"ImageObject\",\"inLanguage\":\"en-GB\",\"@id\":\"https:\\\/\\\/www.slogi.si\\\/#\\\/schema\\\/logo\\\/image\\\/\",\"url\":\"https:\\\/\\\/www.slogi.si\\\/wp-content\\\/uploads\\\/2024\\\/01\\\/favicon.svg\",\"contentUrl\":\"https:\\\/\\\/www.slogi.si\\\/wp-content\\\/uploads\\\/2024\\\/01\\\/favicon.svg\",\"width\":100,\"height\":100,\"caption\":\"SLOGI\"},\"image\":{\"@id\":\"https:\\\/\\\/www.slogi.si\\\/#\\\/schema\\\/logo\\\/image\\\/\"}}]}<\/script>\n<!-- \/ Yoast SEO plugin. -->","yoast_head_json":{"title":"Watchtower and Golden Wand - SLOGI","robots":{"index":"index","follow":"follow","max-snippet":"max-snippet:-1","max-image-preview":"max-image-preview:large","max-video-preview":"max-video-preview:-1"},"canonical":"https:\/\/www.slogi.si\/en\/spectators\/","og_locale":"en_GB","og_type":"article","og_title":"Gleda(l)i\u0161\u010de in Zlata pali\u010dica - SLOGI","og_description":"Nacionalni projekt kulturno-umetnostne vzgoje za pove\u010danje gledali\u0161ke pismenosti in ustvarjalnosti otrok, mladih in strokovnih delavcev, spodbujanje medpodro\u010dnih kreativnih partnerstev ter razvoj splo\u0161nih kompetenc na podro\u010dju kulture. Slovenski gledali\u0161ki in\u0161titut (SLOGI) se kot\u00a0nacionalni koordinator kulturno-umetnostne vzgoje\u00a0(KUV) na gledali\u0161kem podro\u010dju zavzema za povezovanje med profesionalnimi gledali\u0161kimi ustanovami in ustvarjalci na podro\u010dju KUV ter za tesnej\u0161e sodelovanje z ...","og_url":"https:\/\/www.slogi.si\/en\/spectators\/","og_site_name":"SLOGI","article_modified_time":"2025-01-27T12:26:05+00:00","og_image":[{"width":239,"height":43,"url":"https:\/\/www.slogi.si\/wp-content\/uploads\/2024\/01\/Gledalisce.jpg","type":"image\/jpeg"}],"twitter_card":"summary_large_image","schema":{"@context":"https:\/\/schema.org","@graph":[{"@type":"WebPage","@id":"https:\/\/www.slogi.si\/gledalisce\/","url":"https:\/\/www.slogi.si\/gledalisce\/","name":"Watchtower and Golden Wand - SLOGI","isPartOf":{"@id":"https:\/\/www.slogi.si\/#website"},"primaryImageOfPage":{"@id":"https:\/\/www.slogi.si\/gledalisce\/#primaryimage"},"image":{"@id":"https:\/\/www.slogi.si\/gledalisce\/#primaryimage"},"thumbnailUrl":"https:\/\/www.slogi.si\/wp-content\/uploads\/2024\/01\/Gledalisce.jpg","datePublished":"2024-01-01T06:00:04+00:00","dateModified":"2025-01-27T12:26:05+00:00","breadcrumb":{"@id":"https:\/\/www.slogi.si\/gledalisce\/#breadcrumb"},"inLanguage":"en-GB","potentialAction":[{"@type":"ReadAction","target":["https:\/\/www.slogi.si\/gledalisce\/"]}]},{"@type":"ImageObject","inLanguage":"en-GB","@id":"https:\/\/www.slogi.si\/gledalisce\/#primaryimage","url":"https:\/\/www.slogi.si\/wp-content\/uploads\/2024\/01\/Gledalisce.jpg","contentUrl":"https:\/\/www.slogi.si\/wp-content\/uploads\/2024\/01\/Gledalisce.jpg"},{"@type":"BreadcrumbList","@id":"https:\/\/www.slogi.si\/gledalisce\/#breadcrumb","itemListElement":[{"@type":"ListItem","position":1,"name":"Home","item":"https:\/\/www.slogi.si\/"},{"@type":"ListItem","position":2,"name":"Gleda(l)i\u0161\u010de in Zlata pali\u010dica"}]},{"@type":"WebSite","@id":"https:\/\/www.slogi.si\/#website","url":"https:\/\/www.slogi.si\/","name":"SLOGI","description":"Slovenian Theatre Institute","publisher":{"@id":"https:\/\/www.slogi.si\/#organization"},"alternateName":"Slovenski Gledali\u0161ki In\u0161titut","potentialAction":[{"@type":"SearchAction","target":{"@type":"EntryPoint","urlTemplate":"https:\/\/www.slogi.si\/?s={search_term_string}"},"query-input":{"@type":"PropertyValueSpecification","valueRequired":true,"valueName":"search_term_string"}}],"inLanguage":"en-GB"},{"@type":"Organization","@id":"https:\/\/www.slogi.si\/#organization","name":"SLOGI","alternateName":"Slovenski Gledali\u0161ki In\u0161titut","url":"https:\/\/www.slogi.si\/","logo":{"@type":"ImageObject","inLanguage":"en-GB","@id":"https:\/\/www.slogi.si\/#\/schema\/logo\/image\/","url":"https:\/\/www.slogi.si\/wp-content\/uploads\/2024\/01\/favicon.svg","contentUrl":"https:\/\/www.slogi.si\/wp-content\/uploads\/2024\/01\/favicon.svg","width":100,"height":100,"caption":"SLOGI"},"image":{"@id":"https:\/\/www.slogi.si\/#\/schema\/logo\/image\/"}}]}},"_links":{"self":[{"href":"https:\/\/www.slogi.si\/en\/wp-json\/wp\/v2\/pages\/12653","targetHints":{"allow":["GET"]}}],"collection":[{"href":"https:\/\/www.slogi.si\/en\/wp-json\/wp\/v2\/pages"}],"about":[{"href":"https:\/\/www.slogi.si\/en\/wp-json\/wp\/v2\/types\/page"}],"author":[{"embeddable":true,"href":"https:\/\/www.slogi.si\/en\/wp-json\/wp\/v2\/users\/1"}],"replies":[{"embeddable":true,"href":"https:\/\/www.slogi.si\/en\/wp-json\/wp\/v2\/comments?post=12653"}],"version-history":[{"count":25,"href":"https:\/\/www.slogi.si\/en\/wp-json\/wp\/v2\/pages\/12653\/revisions"}],"predecessor-version":[{"id":15336,"href":"https:\/\/www.slogi.si\/en\/wp-json\/wp\/v2\/pages\/12653\/revisions\/15336"}],"wp:attachment":[{"href":"https:\/\/www.slogi.si\/en\/wp-json\/wp\/v2\/media?parent=12653"}],"wp:term":[{"taxonomy":"page-tag","embeddable":true,"href":"https:\/\/www.slogi.si\/en\/wp-json\/wp\/v2\/page-tag?post=12653"}],"curies":[{"name":"wp","href":"https:\/\/api.w.org\/{rel}","templated":true}]}}