{"id":12087,"date":"2024-03-04T06:57:46","date_gmt":"2024-03-04T05:57:46","guid":{"rendered":"https:\/\/www.slogi.si\/?page_id=12087"},"modified":"2024-10-17T10:06:32","modified_gmt":"2024-10-17T08:06:32","slug":"an-engaged-audience","status":"publish","type":"page","link":"https:\/\/www.slogi.si\/en\/o-nas\/angazirano-obcinstvo\/","title":{"rendered":"Engaged Audience 2.0"},"content":{"rendered":"<div data-elementor-type=\"wp-page\" data-elementor-id=\"12087\" class=\"elementor elementor-12087\" data-elementor-post-type=\"page\">\n\t\t\t\t<div class=\"elementor-element elementor-element-a76e8a2 e-flex e-con-boxed e-con e-parent\" data-id=\"a76e8a2\" data-element_type=\"container\" data-e-type=\"container\" data-settings=\"{&quot;background_background&quot;:&quot;classic&quot;}\">\n\t\t\t\t\t<div class=\"e-con-inner\">\n\t\t<div class=\"elementor-element elementor-element-abd1665 e-con-full e-flex e-con e-child\" data-id=\"abd1665\" data-element_type=\"container\" data-e-type=\"container\">\n\t\t\t\t<div class=\"elementor-element elementor-element-ca85f3c elementor-widget__width-initial elementor-widget elementor-widget-text-editor\" data-id=\"ca85f3c\" data-element_type=\"widget\" data-e-type=\"widget\" data-widget_type=\"text-editor.default\">\n\t\t\t\t\t\t\t\t\t<p>In 2023\/24 we are implementing a project <em>Engaged Audience 2.0<\/em>, which is co-financed by the European Union under the Erasmus+ program and represents a continuation of the project <em>Engaged Audience<\/em> (2020-2022).<\/p>\t\t\t\t\t\t\t\t<\/div>\n\t\t\t\t<\/div>\n\t\t\t\t\t<\/div>\n\t\t\t\t<\/div>\n\t\t<div class=\"elementor-element elementor-element-45b3a2a e-flex e-con-boxed e-con e-parent\" data-id=\"45b3a2a\" data-element_type=\"container\" data-e-type=\"container\">\n\t\t\t\t\t<div class=\"e-con-inner\">\n\t\t<div class=\"elementor-element elementor-element-85596cd e-flex e-con-boxed e-con e-child\" data-id=\"85596cd\" data-element_type=\"container\" data-e-type=\"container\">\n\t\t\t\t\t<div class=\"e-con-inner\">\n\t\t\t\t<div class=\"elementor-element elementor-element-bd54ecf elementor-widget elementor-widget-text-editor\" data-id=\"bd54ecf\" data-element_type=\"widget\" data-e-type=\"widget\" data-widget_type=\"text-editor.default\">\n\t\t\t\t\t\t\t\t\t<p>The Slovenian Theatre Institute is an established provider of programs and projects in the field of cultural and artistic education for children and youth, as well as professional training and scientific symposia. In addition, we want to address the general adult audience with informal educational programs that seek in-depth experiences in the field of theatrical heritage and art. Therefore, we pay great attention to the development of andragogical programs that use modern approaches to theatrical and museum pedagogy, enable active participation of learners, and increase the accessibility and recognition of our collections and exhibitions.<\/p><p>Cooperation and international mobility within the framework of the Erasmus+ program enable our staff to get to know similar institutions abroad, exchange good practices, and acquire new knowledge, experience, and competences in the field of general adult education. In the project <strong><em>Engaged Audience<\/em><\/strong>, which we implemented from December 31, 2020 to December 30, 2022, focused on participation in organized training courses and conferences. You can read a short article about the project activities at <a href=\"https:\/\/epale.ec.europa.eu\/sl\/blog\/po-projektu-je-pred-projektom-angazirano-obcinstvo\" target=\"_blank\" rel=\"noopener\">EPALE platform<\/a>.<\/p><p>Current project <strong><em>Engaged Audience 2.0<\/em><\/strong>, which runs from 1 July 2023 to 31 December 2024, focuses on active workplace monitoring. So far, the project has included a two-week work monitoring at the Institute for Applied Theatre (IFANT) in Vienna, visits to the Museum of Theatre Arts in Serbia and the Museum of the National Theatre in Belgrade, and visits to related theatre institutions in Madrid, which operate under the Spanish National Institute of Performing Arts and Music (INAEM). We are also planning a visit by an expert, Claudia B\u00fchlmann from Vienna, and another workplace monitoring at the Austrian Theatre Museum.<\/p><p>In addition to a better international network and the knowledge and experience gained, the project activities so far have also had a direct impact. Namely, we have developed two new andragogical programs <a href=\"https:\/\/www.slogi.si\/en\/views-on-theater-history\/\" target=\"_blank\" rel=\"noopener\"><em>Insights into the Theatre History<\/em><\/a> and <a href=\"https:\/\/www.slogi.si\/en\/pedagogical-programs\/za-odrom\/\" target=\"_blank\" rel=\"noopener\"><em>Behind the stage<\/em><\/a>, which we began performing in the 2023\/24 theater season in collaboration with SNG Drama Ljubljana. Due to the excellent response from the audience, we are continuing to perform the programs and are upgrading them in the 2024\/25 season with an additional partner, SNG Opera and Ballet Ljubljana. We expect to continue to supplement and upgrade the offer in the future.<\/p>\t\t\t\t\t\t\t\t<\/div>\n\t\t\t\t\t<\/div>\n\t\t\t\t<\/div>\n\t\t\t\t\t<\/div>\n\t\t\t\t<\/div>\n\t\t<div class=\"elementor-element elementor-element-78b4404 e-flex e-con-boxed e-con e-parent\" data-id=\"78b4404\" data-element_type=\"container\" data-e-type=\"container\">\n\t\t\t\t\t<div class=\"e-con-inner\">\n\t\t<div class=\"elementor-element elementor-element-2dce14c e-flex e-con-boxed e-con e-child\" data-id=\"2dce14c\" data-element_type=\"container\" data-e-type=\"container\">\n\t\t\t\t\t<div class=\"e-con-inner\">\n\t\t\t\t<div class=\"elementor-element elementor-element-854bb85 elementor-widget elementor-widget-image\" data-id=\"854bb85\" data-element_type=\"widget\" data-e-type=\"widget\" data-widget_type=\"image.default\">\n\t\t\t\t\t\t\t\t\t\t\t\t\t\t\t<img fetchpriority=\"high\" decoding=\"async\" width=\"500\" height=\"103\" src=\"https:\/\/www.slogi.si\/wp-content\/uploads\/2024\/03\/logosbeneficaireserasmusright_sl.png\" class=\"attachment-full size-full wp-image-12088\" alt=\"\" srcset=\"https:\/\/www.slogi.si\/wp-content\/uploads\/2024\/03\/logosbeneficaireserasmusright_sl.png 500w, https:\/\/www.slogi.si\/wp-content\/uploads\/2024\/03\/logosbeneficaireserasmusright_sl-300x62.png 300w\" sizes=\"(max-width: 500px) 100vw, 500px\" \/>\t\t\t\t\t\t\t\t\t\t\t\t\t\t\t<\/div>\n\t\t\t\t<div class=\"elementor-element elementor-element-a580df4 elementor-widget elementor-widget-text-editor\" data-id=\"a580df4\" data-element_type=\"widget\" data-e-type=\"widget\" data-widget_type=\"text-editor.default\">\n\t\t\t\t\t\t\t\t\t<p><em>The implementation of this project is co-financed by the Erasmus+ program of the European Union. The contents of the communication are solely the views and opinions of the authors and do not necessarily reflect the views and opinions of the European Union. Neither the European Union nor the funding authority can be held responsible for them.<\/em><\/p>\t\t\t\t\t\t\t\t<\/div>\n\t\t\t\t\t<\/div>\n\t\t\t\t<\/div>\n\t\t\t\t\t<\/div>\n\t\t\t\t<\/div>\n\t\t\t\t<\/div>","protected":false},"excerpt":{"rendered":"<p>V letih 2023\/24 izvajamo projekt Anga\u017eirano ob\u010dinstvo 2.0, ki je sofinanciran s strani Evropske unije v okviru programa Erasmus+ ter predstavlja nadaljevanje projekta Anga\u017eirano ob\u010dinstvo (2020-2022). Slovenski gledali\u0161ki in\u0161titut je uveljavljen izvajalec programov in projektov na podro\u010dju kulturno-umetnostne vzgoje za otroke in mladino ter strokovnih izobra\u017eevanj in znanstvenih simpozijev. Poleg tega \u017eelimo z neformalnimi izobra\u017eevalnimi &#8230;<\/p>","protected":false},"author":1,"featured_media":14177,"parent":11963,"menu_order":0,"comment_status":"closed","ping_status":"closed","template":"stran-osnovna.php","meta":{"_acf_changed":false,"footnotes":""},"page-tag":[],"class_list":["post-12087","page","type-page","status-publish","has-post-thumbnail","hentry"],"acf":[],"yoast_head":"<!-- This site is optimized with the Yoast SEO plugin v27.5 - https:\/\/yoast.com\/product\/yoast-seo-wordpress\/ -->\n<title>Anga\u017eirano ob\u010dinstvo 2.0 - SLOGI<\/title>\n<meta name=\"robots\" content=\"index, follow, max-snippet:-1, max-image-preview:large, max-video-preview:-1\" \/>\n<link rel=\"canonical\" href=\"https:\/\/www.slogi.si\/en\/about-us\/an-engaged-audience\/\" \/>\n<meta property=\"og:locale\" content=\"en_GB\" \/>\n<meta property=\"og:type\" content=\"article\" \/>\n<meta property=\"og:title\" content=\"Anga\u017eirano ob\u010dinstvo 2.0 - SLOGI\" \/>\n<meta property=\"og:description\" content=\"V letih 2023\/24 izvajamo projekt Anga\u017eirano ob\u010dinstvo 2.0, ki je sofinanciran s strani Evropske unije v okviru programa Erasmus+ ter predstavlja nadaljevanje projekta Anga\u017eirano ob\u010dinstvo (2020-2022). Slovenski gledali\u0161ki in\u0161titut je uveljavljen izvajalec programov in projektov na podro\u010dju kulturno-umetnostne vzgoje za otroke in mladino ter strokovnih izobra\u017eevanj in znanstvenih simpozijev. Poleg tega \u017eelimo z neformalnimi izobra\u017eevalnimi ...\" \/>\n<meta property=\"og:url\" content=\"https:\/\/www.slogi.si\/en\/about-us\/an-engaged-audience\/\" \/>\n<meta property=\"og:site_name\" content=\"SLOGI\" \/>\n<meta property=\"article:modified_time\" content=\"2024-10-17T08:06:32+00:00\" \/>\n<meta property=\"og:image\" content=\"https:\/\/www.slogi.si\/wp-content\/uploads\/2024\/09\/za-odrom.jpg\" \/>\n\t<meta property=\"og:image:width\" content=\"1030\" \/>\n\t<meta property=\"og:image:height\" content=\"664\" \/>\n\t<meta property=\"og:image:type\" content=\"image\/jpeg\" \/>\n<meta name=\"twitter:card\" content=\"summary_large_image\" \/>\n<meta name=\"twitter:label1\" content=\"Estimated reading time\" \/>\n\t<meta name=\"twitter:data1\" content=\"3 minutes\" \/>\n<script type=\"application\/ld+json\" class=\"yoast-schema-graph\">{\"@context\":\"https:\\\/\\\/schema.org\",\"@graph\":[{\"@type\":\"WebPage\",\"@id\":\"https:\\\/\\\/www.slogi.si\\\/o-nas\\\/angazirano-obcinstvo\\\/\",\"url\":\"https:\\\/\\\/www.slogi.si\\\/o-nas\\\/angazirano-obcinstvo\\\/\",\"name\":\"Anga\u017eirano ob\u010dinstvo 2.0 - SLOGI\",\"isPartOf\":{\"@id\":\"https:\\\/\\\/www.slogi.si\\\/#website\"},\"primaryImageOfPage\":{\"@id\":\"https:\\\/\\\/www.slogi.si\\\/o-nas\\\/angazirano-obcinstvo\\\/#primaryimage\"},\"image\":{\"@id\":\"https:\\\/\\\/www.slogi.si\\\/o-nas\\\/angazirano-obcinstvo\\\/#primaryimage\"},\"thumbnailUrl\":\"https:\\\/\\\/www.slogi.si\\\/wp-content\\\/uploads\\\/2024\\\/09\\\/za-odrom.jpg\",\"datePublished\":\"2024-03-04T05:57:46+00:00\",\"dateModified\":\"2024-10-17T08:06:32+00:00\",\"breadcrumb\":{\"@id\":\"https:\\\/\\\/www.slogi.si\\\/o-nas\\\/angazirano-obcinstvo\\\/#breadcrumb\"},\"inLanguage\":\"en-GB\",\"potentialAction\":[{\"@type\":\"ReadAction\",\"target\":[\"https:\\\/\\\/www.slogi.si\\\/o-nas\\\/angazirano-obcinstvo\\\/\"]}]},{\"@type\":\"ImageObject\",\"inLanguage\":\"en-GB\",\"@id\":\"https:\\\/\\\/www.slogi.si\\\/o-nas\\\/angazirano-obcinstvo\\\/#primaryimage\",\"url\":\"https:\\\/\\\/www.slogi.si\\\/wp-content\\\/uploads\\\/2024\\\/09\\\/za-odrom.jpg\",\"contentUrl\":\"https:\\\/\\\/www.slogi.si\\\/wp-content\\\/uploads\\\/2024\\\/09\\\/za-odrom.jpg\",\"width\":1030,\"height\":664},{\"@type\":\"BreadcrumbList\",\"@id\":\"https:\\\/\\\/www.slogi.si\\\/o-nas\\\/angazirano-obcinstvo\\\/#breadcrumb\",\"itemListElement\":[{\"@type\":\"ListItem\",\"position\":1,\"name\":\"Home\",\"item\":\"https:\\\/\\\/www.slogi.si\\\/\"},{\"@type\":\"ListItem\",\"position\":2,\"name\":\"O nas\",\"item\":\"https:\\\/\\\/www.slogi.si\\\/o-nas\\\/\"},{\"@type\":\"ListItem\",\"position\":3,\"name\":\"Anga\u017eirano ob\u010dinstvo 2.0\"}]},{\"@type\":\"WebSite\",\"@id\":\"https:\\\/\\\/www.slogi.si\\\/#website\",\"url\":\"https:\\\/\\\/www.slogi.si\\\/\",\"name\":\"SLOGI\",\"description\":\"Slovenski Gledali\u0161ki In\u0161titut\",\"publisher\":{\"@id\":\"https:\\\/\\\/www.slogi.si\\\/#organization\"},\"alternateName\":\"Slovenski Gledali\u0161ki In\u0161titut\",\"potentialAction\":[{\"@type\":\"SearchAction\",\"target\":{\"@type\":\"EntryPoint\",\"urlTemplate\":\"https:\\\/\\\/www.slogi.si\\\/?s={search_term_string}\"},\"query-input\":{\"@type\":\"PropertyValueSpecification\",\"valueRequired\":true,\"valueName\":\"search_term_string\"}}],\"inLanguage\":\"en-GB\"},{\"@type\":\"Organization\",\"@id\":\"https:\\\/\\\/www.slogi.si\\\/#organization\",\"name\":\"SLOGI\",\"alternateName\":\"Slovenski Gledali\u0161ki In\u0161titut\",\"url\":\"https:\\\/\\\/www.slogi.si\\\/\",\"logo\":{\"@type\":\"ImageObject\",\"inLanguage\":\"en-GB\",\"@id\":\"https:\\\/\\\/www.slogi.si\\\/#\\\/schema\\\/logo\\\/image\\\/\",\"url\":\"https:\\\/\\\/www.slogi.si\\\/wp-content\\\/uploads\\\/2024\\\/01\\\/favicon.svg\",\"contentUrl\":\"https:\\\/\\\/www.slogi.si\\\/wp-content\\\/uploads\\\/2024\\\/01\\\/favicon.svg\",\"width\":100,\"height\":100,\"caption\":\"SLOGI\"},\"image\":{\"@id\":\"https:\\\/\\\/www.slogi.si\\\/#\\\/schema\\\/logo\\\/image\\\/\"}}]}<\/script>\n<!-- \/ Yoast SEO plugin. -->","yoast_head_json":{"title":"Engaged Audience 2.0 - SLOGI","robots":{"index":"index","follow":"follow","max-snippet":"max-snippet:-1","max-image-preview":"max-image-preview:large","max-video-preview":"max-video-preview:-1"},"canonical":"https:\/\/www.slogi.si\/en\/about-us\/an-engaged-audience\/","og_locale":"en_GB","og_type":"article","og_title":"Anga\u017eirano ob\u010dinstvo 2.0 - SLOGI","og_description":"V letih 2023\/24 izvajamo projekt Anga\u017eirano ob\u010dinstvo 2.0, ki je sofinanciran s strani Evropske unije v okviru programa Erasmus+ ter predstavlja nadaljevanje projekta Anga\u017eirano ob\u010dinstvo (2020-2022). Slovenski gledali\u0161ki in\u0161titut je uveljavljen izvajalec programov in projektov na podro\u010dju kulturno-umetnostne vzgoje za otroke in mladino ter strokovnih izobra\u017eevanj in znanstvenih simpozijev. Poleg tega \u017eelimo z neformalnimi izobra\u017eevalnimi ...","og_url":"https:\/\/www.slogi.si\/en\/about-us\/an-engaged-audience\/","og_site_name":"SLOGI","article_modified_time":"2024-10-17T08:06:32+00:00","og_image":[{"width":1030,"height":664,"url":"https:\/\/www.slogi.si\/wp-content\/uploads\/2024\/09\/za-odrom.jpg","type":"image\/jpeg"}],"twitter_card":"summary_large_image","twitter_misc":{"Estimated reading time":"3 minutes"},"schema":{"@context":"https:\/\/schema.org","@graph":[{"@type":"WebPage","@id":"https:\/\/www.slogi.si\/o-nas\/angazirano-obcinstvo\/","url":"https:\/\/www.slogi.si\/o-nas\/angazirano-obcinstvo\/","name":"Engaged Audience 2.0 - SLOGI","isPartOf":{"@id":"https:\/\/www.slogi.si\/#website"},"primaryImageOfPage":{"@id":"https:\/\/www.slogi.si\/o-nas\/angazirano-obcinstvo\/#primaryimage"},"image":{"@id":"https:\/\/www.slogi.si\/o-nas\/angazirano-obcinstvo\/#primaryimage"},"thumbnailUrl":"https:\/\/www.slogi.si\/wp-content\/uploads\/2024\/09\/za-odrom.jpg","datePublished":"2024-03-04T05:57:46+00:00","dateModified":"2024-10-17T08:06:32+00:00","breadcrumb":{"@id":"https:\/\/www.slogi.si\/o-nas\/angazirano-obcinstvo\/#breadcrumb"},"inLanguage":"en-GB","potentialAction":[{"@type":"ReadAction","target":["https:\/\/www.slogi.si\/o-nas\/angazirano-obcinstvo\/"]}]},{"@type":"ImageObject","inLanguage":"en-GB","@id":"https:\/\/www.slogi.si\/o-nas\/angazirano-obcinstvo\/#primaryimage","url":"https:\/\/www.slogi.si\/wp-content\/uploads\/2024\/09\/za-odrom.jpg","contentUrl":"https:\/\/www.slogi.si\/wp-content\/uploads\/2024\/09\/za-odrom.jpg","width":1030,"height":664},{"@type":"BreadcrumbList","@id":"https:\/\/www.slogi.si\/o-nas\/angazirano-obcinstvo\/#breadcrumb","itemListElement":[{"@type":"ListItem","position":1,"name":"Home","item":"https:\/\/www.slogi.si\/"},{"@type":"ListItem","position":2,"name":"O nas","item":"https:\/\/www.slogi.si\/o-nas\/"},{"@type":"ListItem","position":3,"name":"Anga\u017eirano ob\u010dinstvo 2.0"}]},{"@type":"WebSite","@id":"https:\/\/www.slogi.si\/#website","url":"https:\/\/www.slogi.si\/","name":"SLOGI","description":"Slovenian Theatre Institute","publisher":{"@id":"https:\/\/www.slogi.si\/#organization"},"alternateName":"Slovenski Gledali\u0161ki In\u0161titut","potentialAction":[{"@type":"SearchAction","target":{"@type":"EntryPoint","urlTemplate":"https:\/\/www.slogi.si\/?s={search_term_string}"},"query-input":{"@type":"PropertyValueSpecification","valueRequired":true,"valueName":"search_term_string"}}],"inLanguage":"en-GB"},{"@type":"Organization","@id":"https:\/\/www.slogi.si\/#organization","name":"SLOGI","alternateName":"Slovenski Gledali\u0161ki In\u0161titut","url":"https:\/\/www.slogi.si\/","logo":{"@type":"ImageObject","inLanguage":"en-GB","@id":"https:\/\/www.slogi.si\/#\/schema\/logo\/image\/","url":"https:\/\/www.slogi.si\/wp-content\/uploads\/2024\/01\/favicon.svg","contentUrl":"https:\/\/www.slogi.si\/wp-content\/uploads\/2024\/01\/favicon.svg","width":100,"height":100,"caption":"SLOGI"},"image":{"@id":"https:\/\/www.slogi.si\/#\/schema\/logo\/image\/"}}]}},"_links":{"self":[{"href":"https:\/\/www.slogi.si\/en\/wp-json\/wp\/v2\/pages\/12087","targetHints":{"allow":["GET"]}}],"collection":[{"href":"https:\/\/www.slogi.si\/en\/wp-json\/wp\/v2\/pages"}],"about":[{"href":"https:\/\/www.slogi.si\/en\/wp-json\/wp\/v2\/types\/page"}],"author":[{"embeddable":true,"href":"https:\/\/www.slogi.si\/en\/wp-json\/wp\/v2\/users\/1"}],"replies":[{"embeddable":true,"href":"https:\/\/www.slogi.si\/en\/wp-json\/wp\/v2\/comments?post=12087"}],"version-history":[{"count":42,"href":"https:\/\/www.slogi.si\/en\/wp-json\/wp\/v2\/pages\/12087\/revisions"}],"predecessor-version":[{"id":14778,"href":"https:\/\/www.slogi.si\/en\/wp-json\/wp\/v2\/pages\/12087\/revisions\/14778"}],"up":[{"embeddable":true,"href":"https:\/\/www.slogi.si\/en\/wp-json\/wp\/v2\/pages\/11963"}],"wp:featuredmedia":[{"embeddable":true,"href":"https:\/\/www.slogi.si\/en\/wp-json\/wp\/v2\/media\/14177"}],"wp:attachment":[{"href":"https:\/\/www.slogi.si\/en\/wp-json\/wp\/v2\/media?parent=12087"}],"wp:term":[{"taxonomy":"page-tag","embeddable":true,"href":"https:\/\/www.slogi.si\/en\/wp-json\/wp\/v2\/page-tag?post=12087"}],"curies":[{"name":"wp","href":"https:\/\/api.w.org\/{rel}","templated":true}]}}