{"id":1337,"date":"2018-02-13T11:02:58","date_gmt":"2018-02-13T11:02:58","guid":{"rendered":"https:\/\/www.slogi.si\/arhiv\/?page_id=1337"},"modified":"2024-07-12T17:19:13","modified_gmt":"2024-07-12T15:19:13","slug":"slovenian-theatre-news","status":"publish","type":"page","link":"https:\/\/www.slogi.si\/arhiv\/slovenian-theatre-news\/","title":{"rendered":"Slovenian Theatre News"},"content":{"rendered":"<div class='clear'><\/div><div id='sub_menu1'  class='av-submenu-container av-jpfdycbn-cfdae332e33b806bfa7c327ea67239d3 main_color  avia-builder-el-0  el_before_av_section  avia-builder-el-first  av-sticky-submenu container_wrap fullsize' style='z-index:301' ><div class='container av-menu-mobile-disabled av-submenu-pos-center'><ul id=\"menu-s-zaloznistvo-slo\" class=\"av-subnav-menu\" role=\"menu\"><li role=\"menuitem\" id=\"menu-item-9665\" class=\"menu-item menu-item-type-post_type menu-item-object-page menu-item-top-level menu-item-top-level-1\"><a href=\"https:\/\/www.slogi.si\/arhiv\/publikacije-vse\/\" itemprop=\"url\" tabindex=\"0\"><span class=\"avia-bullet\"><\/span><span class=\"avia-menu-text\">Publikacije<\/span><span class=\"avia-menu-fx\"><span class=\"avia-arrow-wrap\"><span class=\"avia-arrow\"><\/span><\/span><\/span><\/a><\/li>\n<li role=\"menuitem\" id=\"menu-item-9669\" class=\"menu-item menu-item-type-post_type menu-item-object-page menu-item-top-level menu-item-top-level-2\"><a href=\"https:\/\/www.slogi.si\/arhiv\/zaloznistvo\/slovenski-gledaliski-letopis\/\" itemprop=\"url\" tabindex=\"0\"><span class=\"avia-bullet\"><\/span><span class=\"avia-menu-text\">Slovenski gledali\u0161ki letopis<\/span><span class=\"avia-menu-fx\"><span class=\"avia-arrow-wrap\"><span class=\"avia-arrow\"><\/span><\/span><\/span><\/a><\/li>\n<li role=\"menuitem\" id=\"menu-item-9671\" class=\"menu-item menu-item-type-post_type menu-item-object-page menu-item-top-level menu-item-top-level-3\"><a href=\"https:\/\/www.slogi.si\/arhiv\/amfiteater-revija\/\" itemprop=\"url\" tabindex=\"0\"><span class=\"avia-bullet\"><\/span><span class=\"avia-menu-text\">Revija Amfiteater<\/span><span class=\"avia-menu-fx\"><span class=\"avia-arrow-wrap\"><span class=\"avia-arrow\"><\/span><\/span><\/span><\/a><\/li>\n<li role=\"menuitem\" id=\"menu-item-9667\" class=\"menu-item menu-item-type-post_type menu-item-object-page menu-item-top-level menu-item-top-level-4\"><a href=\"https:\/\/www.slogi.si\/arhiv\/zaloznistvo\/dokumenti\/\" itemprop=\"url\" tabindex=\"0\"><span class=\"avia-bullet\"><\/span><span class=\"avia-menu-text\">Dokumenti<\/span><span class=\"avia-menu-fx\"><span class=\"avia-arrow-wrap\"><span class=\"avia-arrow\"><\/span><\/span><\/span><\/a><\/li>\n<li role=\"menuitem\" id=\"menu-item-9668\" class=\"menu-item menu-item-type-post_type menu-item-object-page menu-item-top-level menu-item-top-level-5\"><a href=\"https:\/\/www.slogi.si\/arhiv\/zaloznistvo\/razstavni-katalogi\/\" itemprop=\"url\" tabindex=\"0\"><span class=\"avia-bullet\"><\/span><span class=\"avia-menu-text\">Razstavni katalogi<\/span><span class=\"avia-menu-fx\"><span class=\"avia-arrow-wrap\"><span class=\"avia-arrow\"><\/span><\/span><\/span><\/a><\/li>\n<li role=\"menuitem\" id=\"menu-item-22649\" class=\"menu-item menu-item-type-post_type menu-item-object-page menu-item-top-level menu-item-top-level-6\"><a href=\"https:\/\/www.slogi.si\/arhiv\/zaloznistvo\/eslogi\/\" itemprop=\"url\" tabindex=\"0\"><span class=\"avia-bullet\"><\/span><span class=\"avia-menu-text\">eSLOGI<\/span><span class=\"avia-menu-fx\"><span class=\"avia-arrow-wrap\"><span class=\"avia-arrow\"><\/span><\/span><\/span><\/a><\/li>\n<li role=\"menuitem\" id=\"menu-item-9666\" class=\"menu-item menu-item-type-post_type menu-item-object-page menu-item-top-level menu-item-top-level-7\"><a href=\"https:\/\/www.slogi.si\/arhiv\/slovenian-theatre-news\/\" itemprop=\"url\" tabindex=\"0\"><span class=\"avia-bullet\"><\/span><span class=\"avia-menu-text\">Slovenian Theatre News<\/span><span class=\"avia-menu-fx\"><span class=\"avia-arrow-wrap\"><span class=\"avia-arrow\"><\/span><\/span><\/span><\/a><\/li>\n<\/ul><\/div><\/div><div class='sticky_placeholder'><\/div>\n\n<style type=\"text\/css\" data-created_by=\"avia_inline_auto\" id=\"style-css-av-6tvmft-03e5bb9731e44977428bf4de0aefdcad\">\n.avia-section.av-6tvmft-03e5bb9731e44977428bf4de0aefdcad{\nbackground-repeat:no-repeat;\nbackground-image:url(https:\/\/www.slogi.si\/arhiv\/wp-content\/uploads\/2024\/07\/STN_web.png);\nbackground-position:50% 50%;\nbackground-attachment:scroll;\n}\n<\/style>\n<div id='av_section_1'  class='avia-section av-6tvmft-03e5bb9731e44977428bf4de0aefdcad main_color avia-section-default avia-no-shadow  avia-builder-el-1  el_after_av_submenu  el_before_av_one_full  avia-full-contain avia-bg-style-scroll av-minimum-height av-minimum-height-25 av-height-25  container_wrap fullsize'  data-section-bg-repeat='contain' data-av_minimum_height_pc='25' data-av_min_height_opt='25'><div class='container av-section-cont-open' ><div class='template-page content  av-content-full alpha units'><div class='post-entry post-entry-type-page post-entry-1337'><div class='entry-content-wrapper clearfix'><\/div><\/div><\/div><!-- close content main div --><\/div><\/div><div id='after_section_1'  class='main_color av_default_container_wrap container_wrap fullsize'  ><div class='container av-section-cont-open' ><div class='template-page content  av-content-full alpha units'><div class='post-entry post-entry-type-page post-entry-1337'><div class='entry-content-wrapper clearfix'>\n\n<style type=\"text\/css\" data-created_by=\"avia_inline_auto\" id=\"style-css-av-4nojuh-d468e21c260db8cea08f515718b4a721\">\n.flex_column.av-4nojuh-d468e21c260db8cea08f515718b4a721{\nborder-radius:0px 0px 0px 0px;\npadding:0px 0px 0px 0px;\n}\n<\/style>\n<div  class='flex_column av-4nojuh-d468e21c260db8cea08f515718b4a721 av_one_full  avia-builder-el-2  el_after_av_section  avia-builder-el-no-sibling  first flex_column_div av-zero-column-padding  '     ><section  class='av_textblock_section av-390cjt-d52d649a4d668cc1481c56386513d539 '   itemscope=\"itemscope\" itemtype=\"https:\/\/schema.org\/CreativeWork\" ><div class='avia_textblock'  itemprop=\"text\" ><p>Kot izdajatelji spletnega portala<em><a href=\"https:\/\/veza.sigledal.org\/kritika\" target=\"_blank\" rel=\"noopener\"> Kritika<\/a><\/em>, na katerem objavljamo gledali\u0161ke kritike ve\u010dine gledali\u0161kih uprizoritev v Sloveniji, smo se odlo\u010dili, da dvakrat na sezono v angle\u0161\u010dino prevedemo kritike do petnajstih najbolj\u0161ih predstav po izboru avtorjev in odgovorne urednice Zale Dobov\u0161ek.<\/p>\n<p><em>Slovenian Theatre News<\/em>, ki ga razpo\u0161iljamo partnerjem v tujini, prina\u0161a najbolj\u0161e, kar ponuja sodobno slovensko gledali\u0161\u010de. Kritike so opremljene s fotografijo iz predstave in elektronskim naslovom za ve\u010d informacij, videoposnetke predstav ipd.<\/p>\n<p>\u017delimo, da bo ta pobuda \u0161irila novice o na\u0161i sodobni gledali\u0161ki produkciji in slovenskemu gledali\u0161\u010du odprla vrata na mednarodne odre.<\/p>\n<h4><em>Slovenian Theatre News<\/em>, julij 2024<\/h4>\n<p style=\"text-align: center;\"><a href=\"https:\/\/www.slogi.si\/arhiv\/wp-content\/uploads\/2024\/07\/STN_Julij-2024.pdf\" target=\"_blank\" rel=\"noopener\"><button class=\"btn btn-danger btn-lg\" type=\"button\"><small>Preberite &gt;&gt; Slovenian Theatre News, julij 2024<\/small><\/button><\/a><\/p>\n<div class='avia-iframe-wrap'><iframe loading=\"lazy\" class=\"wp-embedded-content\" sandbox=\"allow-scripts\" security=\"restricted\" title=\"Slovenian Theatre News, July 2024 Edition\" width=\"640\" height=\"360\" src=\"https:\/\/online.fliphtml5.com\/udmwf\/cvqr\/#?secret=TTbJs2Wb6o\" data-secret=\"TTbJs2Wb6o\" scrolling=\"no\" frameborder=\"0\"><\/iframe><\/div>\n<p style=\"text-align: center;\"><a href=\"https:\/\/online.fliphtml5.com\/udmwf\/cvqr\" target=\"_blank\" rel=\"noopener\">Celozaslonsko &gt;&gt;<\/a><\/p>\n<h6><\/h6>\n<h6><\/h6>\n<h6><\/h6>\n<h6>Arhiv 2015\u20132019<\/h6>\n<p><strong>2019:<\/strong> <a href=\"https:\/\/www.slogi.si\/arhiv\/wp-content\/uploads\/2019\/01\/Newsletter_january_2019.pdf\">januar<\/a>, <a href=\"https:\/\/www.slogi.si\/arhiv\/wp-content\/uploads\/2019\/03\/Newsletter_march_2019.pdf\" target=\"_blank\" rel=\"noopener noreferrer\">marec<\/a>, <a href=\"https:\/\/www.slogi.si\/arhiv\/wp-content\/uploads\/2019\/06\/Newsletter_june_2019.pdf\" target=\"_blank\" rel=\"noopener\">junij<\/a><\/p>\n<p><strong>2018: <\/strong><a href=\"https:\/\/www.slogi.si\/arhiv\/wp-content\/uploads\/2018\/12\/Newsletter_februar_2018.pdf\" target=\"_blank\" rel=\"noopener noreferrer\">februar<\/a>, <a href=\"https:\/\/www.slogi.si\/arhiv\/wp-content\/uploads\/2018\/12\/Newsletter_may_2018.pdf\" target=\"_blank\" rel=\"noopener noreferrer\">maj<\/a>, <a href=\"https:\/\/www.slogi.si\/arhiv\/wp-content\/uploads\/2018\/12\/Newsletter_november_2018.pdf\" target=\"_blank\" rel=\"noopener noreferrer\">november<\/a><\/p>\n<p><strong>2017:<\/strong> <a href=\"https:\/\/www.slogi.si\/arhiv\/wp-content\/uploads\/2018\/02\/Newsletter_january_2017.pdf\" target=\"_blank\" rel=\"noopener noreferrer\">januar<\/a>, <a href=\"https:\/\/www.slogi.si\/arhiv\/wp-content\/uploads\/2018\/02\/Newsletter_april-2017.pdf\" target=\"_blank\" rel=\"noopener noreferrer\">april<\/a>, <a href=\"https:\/\/www.slogi.si\/arhiv\/wp-content\/uploads\/2018\/02\/Newsletter_june-2017.pdf\" target=\"_blank\" rel=\"noopener noreferrer\">junij<\/a>, <a href=\"https:\/\/www.slogi.si\/arhiv\/wp-content\/uploads\/2018\/12\/Newsletter_november_2017.pdf\" target=\"_blank\" rel=\"noopener noreferrer\">november<\/a><\/p>\n<p><strong>2016: <\/strong><a href=\"https:\/\/www.slogi.si\/arhiv\/wp-content\/uploads\/2018\/02\/Newsletter_februar_2016.pdf\" target=\"_blank\" rel=\"noopener noreferrer\">februar<\/a>, <a href=\"https:\/\/www.slogi.si\/arhiv\/wp-content\/uploads\/2018\/02\/Newsletter_april_2016.pdf\" target=\"_blank\" rel=\"noopener noreferrer\">april<\/a>, <a href=\"https:\/\/www.slogi.si\/arhiv\/wp-content\/uploads\/2018\/02\/Newsletter_junij_2016.pdf\" target=\"_blank\" rel=\"noopener noreferrer\">junij<\/a>, <a href=\"https:\/\/www.slogi.si\/arhiv\/wp-content\/uploads\/2018\/02\/Newsletter_november_2016_dop.pdf\" target=\"_blank\" rel=\"noopener noreferrer\">november<\/a>, <a href=\"https:\/\/www.slogi.si\/arhiv\/wp-content\/uploads\/2018\/02\/Newsletter_december_2016.pdf\" target=\"_blank\" rel=\"noopener noreferrer\">december<\/a><\/p>\n<p><strong>2015: <\/strong><a href=\"https:\/\/www.slogi.si\/arhiv\/wp-content\/uploads\/2018\/02\/Newsletter_november_-final.pdf\" target=\"_blank\" rel=\"noopener noreferrer\">november<\/a>, <a href=\"https:\/\/www.slogi.si\/arhiv\/wp-content\/uploads\/2018\/02\/Newsletter_december.pdf\" target=\"_blank\" rel=\"noopener noreferrer\">december<\/a><\/p>\n<p><a href=\"https:\/\/www.slogi.si\/arhiv\/wp-content\/uploads\/2018\/02\/MiSmoGledalisce.pdf\" target=\"_blank\" rel=\"noopener noreferrer\">Bro\u0161ura <em>Mi smo gledali\u0161\u010de \/ We are theatre<\/em><\/a><\/p>\n<\/div><\/section><\/div>\n","protected":false},"excerpt":{"rendered":"","protected":false},"author":1,"featured_media":0,"parent":0,"menu_order":0,"comment_status":"closed","ping_status":"closed","template":"","meta":{"footnotes":""},"tags":[],"class_list":["post-1337","page","type-page","status-publish","hentry"],"yoast_head":"<!-- This site is optimized with the Yoast SEO plugin v23.7 - https:\/\/yoast.com\/wordpress\/plugins\/seo\/ -->\n<title>Slovenian Theatre News - SLOGI<\/title>\n<meta name=\"robots\" content=\"index, follow, max-snippet:-1, max-image-preview:large, max-video-preview:-1\" \/>\n<link rel=\"canonical\" href=\"https:\/\/www.slogi.si\/arhiv\/slovenian-theatre-news\/\" \/>\n<meta property=\"og:locale\" content=\"sl_SI\" \/>\n<meta property=\"og:type\" content=\"article\" \/>\n<meta property=\"og:title\" content=\"Slovenian Theatre News - SLOGI\" \/>\n<meta property=\"og:url\" content=\"https:\/\/www.slogi.si\/arhiv\/slovenian-theatre-news\/\" \/>\n<meta property=\"og:site_name\" content=\"SLOGI\" \/>\n<meta property=\"article:modified_time\" content=\"2024-07-12T15:19:13+00:00\" \/>\n<meta property=\"og:image\" content=\"https:\/\/www.slogi.si\/arhiv\/wp-content\/uploads\/2017\/10\/Slogi-1.jpg\" \/>\n\t<meta property=\"og:image:width\" content=\"1920\" \/>\n\t<meta property=\"og:image:height\" content=\"1303\" \/>\n\t<meta property=\"og:image:type\" content=\"image\/jpeg\" \/>\n<meta name=\"twitter:card\" content=\"summary_large_image\" \/>\n<meta name=\"twitter:label1\" content=\"Est. reading time\" \/>\n\t<meta name=\"twitter:data1\" content=\"4 minute\" \/>\n<script type=\"application\/ld+json\" class=\"yoast-schema-graph\">{\"@context\":\"https:\/\/schema.org\",\"@graph\":[{\"@type\":\"WebPage\",\"@id\":\"https:\/\/www.slogi.si\/arhiv\/slovenian-theatre-news\/\",\"url\":\"https:\/\/www.slogi.si\/arhiv\/slovenian-theatre-news\/\",\"name\":\"Slovenian Theatre News - SLOGI\",\"isPartOf\":{\"@id\":\"https:\/\/www.slogi.si\/arhiv\/#website\"},\"datePublished\":\"2018-02-13T11:02:58+00:00\",\"dateModified\":\"2024-07-12T15:19:13+00:00\",\"breadcrumb\":{\"@id\":\"https:\/\/www.slogi.si\/arhiv\/slovenian-theatre-news\/#breadcrumb\"},\"inLanguage\":\"sl-SI\",\"potentialAction\":[{\"@type\":\"ReadAction\",\"target\":[\"https:\/\/www.slogi.si\/arhiv\/slovenian-theatre-news\/\"]}]},{\"@type\":\"BreadcrumbList\",\"@id\":\"https:\/\/www.slogi.si\/arhiv\/slovenian-theatre-news\/#breadcrumb\",\"itemListElement\":[{\"@type\":\"ListItem\",\"position\":1,\"name\":\"Home\",\"item\":\"https:\/\/www.slogi.si\/arhiv\/domov-2-2\/\"},{\"@type\":\"ListItem\",\"position\":2,\"name\":\"Slovenian Theatre News\"}]},{\"@type\":\"WebSite\",\"@id\":\"https:\/\/www.slogi.si\/arhiv\/#website\",\"url\":\"https:\/\/www.slogi.si\/arhiv\/\",\"name\":\"SLOGI\",\"description\":\"Slovenski gledali\u0161ki in\u0161titut\",\"publisher\":{\"@id\":\"https:\/\/www.slogi.si\/arhiv\/#organization\"},\"potentialAction\":[{\"@type\":\"SearchAction\",\"target\":{\"@type\":\"EntryPoint\",\"urlTemplate\":\"https:\/\/www.slogi.si\/arhiv\/?s={search_term_string}\"},\"query-input\":{\"@type\":\"PropertyValueSpecification\",\"valueRequired\":true,\"valueName\":\"search_term_string\"}}],\"inLanguage\":\"sl-SI\"},{\"@type\":\"Organization\",\"@id\":\"https:\/\/www.slogi.si\/arhiv\/#organization\",\"name\":\"SLOGI\",\"alternateName\":\"Slovenski Gledali\u0161ki In\u0161titut\",\"url\":\"https:\/\/www.slogi.si\/arhiv\/\",\"logo\":{\"@type\":\"ImageObject\",\"inLanguage\":\"sl-SI\",\"@id\":\"https:\/\/www.slogi.si\/arhiv\/#\/schema\/logo\/image\/\",\"url\":\"https:\/\/www.slogi.si\/arhiv\/wp-content\/uploads\/2018\/02\/slovenski-gledaliski-institut-logo-splet.png\",\"contentUrl\":\"https:\/\/www.slogi.si\/arhiv\/wp-content\/uploads\/2018\/02\/slovenski-gledaliski-institut-logo-splet.png\",\"width\":400,\"height\":116,\"caption\":\"SLOGI\"},\"image\":{\"@id\":\"https:\/\/www.slogi.si\/arhiv\/#\/schema\/logo\/image\/\"}}]}<\/script>\n<!-- \/ Yoast SEO plugin. -->","yoast_head_json":{"title":"Slovenian Theatre News - SLOGI","robots":{"index":"index","follow":"follow","max-snippet":"max-snippet:-1","max-image-preview":"max-image-preview:large","max-video-preview":"max-video-preview:-1"},"canonical":"https:\/\/www.slogi.si\/arhiv\/slovenian-theatre-news\/","og_locale":"sl_SI","og_type":"article","og_title":"Slovenian Theatre News - SLOGI","og_url":"https:\/\/www.slogi.si\/arhiv\/slovenian-theatre-news\/","og_site_name":"SLOGI","article_modified_time":"2024-07-12T15:19:13+00:00","og_image":[{"width":1920,"height":1303,"url":"https:\/\/www.slogi.si\/arhiv\/wp-content\/uploads\/2017\/10\/Slogi-1.jpg","type":"image\/jpeg"}],"twitter_card":"summary_large_image","twitter_misc":{"Est. reading time":"4 minute"},"schema":{"@context":"https:\/\/schema.org","@graph":[{"@type":"WebPage","@id":"https:\/\/www.slogi.si\/arhiv\/slovenian-theatre-news\/","url":"https:\/\/www.slogi.si\/arhiv\/slovenian-theatre-news\/","name":"Slovenian Theatre News - SLOGI","isPartOf":{"@id":"https:\/\/www.slogi.si\/arhiv\/#website"},"datePublished":"2018-02-13T11:02:58+00:00","dateModified":"2024-07-12T15:19:13+00:00","breadcrumb":{"@id":"https:\/\/www.slogi.si\/arhiv\/slovenian-theatre-news\/#breadcrumb"},"inLanguage":"sl-SI","potentialAction":[{"@type":"ReadAction","target":["https:\/\/www.slogi.si\/arhiv\/slovenian-theatre-news\/"]}]},{"@type":"BreadcrumbList","@id":"https:\/\/www.slogi.si\/arhiv\/slovenian-theatre-news\/#breadcrumb","itemListElement":[{"@type":"ListItem","position":1,"name":"Home","item":"https:\/\/www.slogi.si\/arhiv\/domov-2-2\/"},{"@type":"ListItem","position":2,"name":"Slovenian Theatre News"}]},{"@type":"WebSite","@id":"https:\/\/www.slogi.si\/arhiv\/#website","url":"https:\/\/www.slogi.si\/arhiv\/","name":"SLOGI","description":"Slovenski gledali\u0161ki in\u0161titut","publisher":{"@id":"https:\/\/www.slogi.si\/arhiv\/#organization"},"potentialAction":[{"@type":"SearchAction","target":{"@type":"EntryPoint","urlTemplate":"https:\/\/www.slogi.si\/arhiv\/?s={search_term_string}"},"query-input":{"@type":"PropertyValueSpecification","valueRequired":true,"valueName":"search_term_string"}}],"inLanguage":"sl-SI"},{"@type":"Organization","@id":"https:\/\/www.slogi.si\/arhiv\/#organization","name":"SLOGI","alternateName":"Slovenski Gledali\u0161ki In\u0161titut","url":"https:\/\/www.slogi.si\/arhiv\/","logo":{"@type":"ImageObject","inLanguage":"sl-SI","@id":"https:\/\/www.slogi.si\/arhiv\/#\/schema\/logo\/image\/","url":"https:\/\/www.slogi.si\/arhiv\/wp-content\/uploads\/2018\/02\/slovenski-gledaliski-institut-logo-splet.png","contentUrl":"https:\/\/www.slogi.si\/arhiv\/wp-content\/uploads\/2018\/02\/slovenski-gledaliski-institut-logo-splet.png","width":400,"height":116,"caption":"SLOGI"},"image":{"@id":"https:\/\/www.slogi.si\/arhiv\/#\/schema\/logo\/image\/"}}]}},"_links":{"self":[{"href":"https:\/\/www.slogi.si\/arhiv\/wp-json\/wp\/v2\/pages\/1337"}],"collection":[{"href":"https:\/\/www.slogi.si\/arhiv\/wp-json\/wp\/v2\/pages"}],"about":[{"href":"https:\/\/www.slogi.si\/arhiv\/wp-json\/wp\/v2\/types\/page"}],"author":[{"embeddable":true,"href":"https:\/\/www.slogi.si\/arhiv\/wp-json\/wp\/v2\/users\/1"}],"replies":[{"embeddable":true,"href":"https:\/\/www.slogi.si\/arhiv\/wp-json\/wp\/v2\/comments?post=1337"}],"version-history":[{"count":2,"href":"https:\/\/www.slogi.si\/arhiv\/wp-json\/wp\/v2\/pages\/1337\/revisions"}],"predecessor-version":[{"id":31930,"href":"https:\/\/www.slogi.si\/arhiv\/wp-json\/wp\/v2\/pages\/1337\/revisions\/31930"}],"wp:attachment":[{"href":"https:\/\/www.slogi.si\/arhiv\/wp-json\/wp\/v2\/media?parent=1337"}],"wp:term":[{"taxonomy":"post_tag","embeddable":true,"href":"https:\/\/www.slogi.si\/arhiv\/wp-json\/wp\/v2\/tags?post=1337"}],"curies":[{"name":"wp","href":"https:\/\/api.w.org\/{rel}","templated":true}]}}